{"id":6849,"date":"2021-03-27T01:48:41","date_gmt":"2021-03-27T01:48:41","guid":{"rendered":"http:\/\/www.akgun-elektrik.com.tr\/uzay\/?page_id=6849"},"modified":"2024-08-01T13:26:40","modified_gmt":"2024-08-01T13:26:40","slug":"baykon-bk2","status":"publish","type":"page","link":"https:\/\/uzaybaskul.com\/ru\/baykon-bk2\/","title":{"rendered":"Baykon BK2"},"content":{"rendered":"\t\t<div data-elementor-type=\"wp-page\" data-elementor-id=\"6849\" class=\"elementor elementor-6849\">\n\t\t\t\t\t\t\t\t\t<section class=\"elementor-section elementor-top-section elementor-element elementor-element-72c5fe44 elementor-section-boxed elementor-section-height-default elementor-section-height-default\" data-id=\"72c5fe44\" data-element_type=\"section\">\n\t\t\t\t\t\t<div class=\"elementor-container elementor-column-gap-default\">\n\t\t\t\t\t<div class=\"elementor-column elementor-col-100 elementor-top-column elementor-element elementor-element-79c1d05d\" data-id=\"79c1d05d\" data-element_type=\"column\">\n\t\t\t<div class=\"elementor-widget-wrap elementor-element-populated\">\n\t\t\t\t\t\t\t\t<div class=\"elementor-element elementor-element-8bf4111 elementor-widget elementor-widget-heading\" data-id=\"8bf4111\" data-element_type=\"widget\" data-widget_type=\"heading.default\">\n\t\t\t\t<div class=\"elementor-widget-container\">\n\t\t\t<h2 class=\"elementor-heading-title elementor-size-default\">Baykon BK2\n<\/h2>\t\t<\/div>\n\t\t\t\t<\/div>\n\t\t\t\t\t<\/div>\n\t\t<\/div>\n\t\t\t\t\t\t\t<\/div>\n\t\t<\/section>\n\t\t\t\t<section class=\"elementor-section elementor-top-section elementor-element elementor-element-4496c1d elementor-section-boxed elementor-section-height-default elementor-section-height-default\" data-id=\"4496c1d\" data-element_type=\"section\">\n\t\t\t\t\t\t<div class=\"elementor-container elementor-column-gap-default\">\n\t\t\t\t\t<div class=\"elementor-column elementor-col-100 elementor-top-column elementor-element elementor-element-72b8a5f\" data-id=\"72b8a5f\" data-element_type=\"column\">\n\t\t\t<div class=\"elementor-widget-wrap elementor-element-populated\">\n\t\t\t\t\t\t\t\t<section class=\"elementor-section elementor-inner-section elementor-element elementor-element-32bfd5ff elementor-section-boxed elementor-section-height-default elementor-section-height-default\" data-id=\"32bfd5ff\" data-element_type=\"section\">\n\t\t\t\t\t\t<div class=\"elementor-container elementor-column-gap-default\">\n\t\t\t\t\t<div class=\"elementor-column elementor-col-50 elementor-inner-column elementor-element elementor-element-1f754bcb\" data-id=\"1f754bcb\" data-element_type=\"column\">\n\t\t\t<div class=\"elementor-widget-wrap elementor-element-populated\">\n\t\t\t\t\t\t\t\t<div class=\"elementor-element elementor-element-3376f7a8 elementor-widget elementor-widget-image\" data-id=\"3376f7a8\" data-element_type=\"widget\" data-widget_type=\"image.default\">\n\t\t\t\t<div class=\"elementor-widget-container\">\n\t\t\t\t\t\t\t\t\t\t\t\t\t\t\t<img loading=\"lazy\" decoding=\"async\" width=\"400\" height=\"400\" src=\"https:\/\/uzaybaskul.com\/ru\/wp-content\/uploads\/2021\/03\/1_5810068_bk_2.jpg\" class=\"attachment-large size-large\" alt=\"\" srcset=\"https:\/\/uzaybaskul.com\/ru\/wp-content\/uploads\/2021\/03\/1_5810068_bk_2.jpg 400w, https:\/\/uzaybaskul.com\/ru\/wp-content\/uploads\/2021\/03\/1_5810068_bk_2-300x300.jpg 300w, https:\/\/uzaybaskul.com\/ru\/wp-content\/uploads\/2021\/03\/1_5810068_bk_2-100x100.jpg 100w, https:\/\/uzaybaskul.com\/ru\/wp-content\/uploads\/2021\/03\/1_5810068_bk_2-150x150.jpg 150w, https:\/\/uzaybaskul.com\/ru\/wp-content\/uploads\/2021\/03\/1_5810068_bk_2-120x120.jpg 120w\" sizes=\"(max-width: 400px) 100vw, 400px\" \/>\t\t\t\t\t\t\t\t\t\t\t\t\t\t\t<\/div>\n\t\t\t\t<\/div>\n\t\t\t\t\t<\/div>\n\t\t<\/div>\n\t\t\t\t<div class=\"elementor-column elementor-col-50 elementor-inner-column elementor-element elementor-element-e1a17ce\" data-id=\"e1a17ce\" data-element_type=\"column\">\n\t\t\t<div class=\"elementor-widget-wrap elementor-element-populated\">\n\t\t\t\t\t\t\t\t<div class=\"elementor-element elementor-element-19202553 elementor-widget elementor-widget-text-editor\" data-id=\"19202553\" data-element_type=\"widget\" data-widget_type=\"text-editor.default\">\n\t\t\t\t<div class=\"elementor-widget-container\">\n\t\t\t\t\t\t\t<p>\u041c\u043e\u0434\u0435\u043b\u044c BK2 \u043f\u0440\u0435\u0434\u0441\u0442\u0430\u0432\u043b\u044f\u0435\u0442 \u0441\u043e\u0431\u043e\u0439 \u0442\u0435\u043d\u0437\u043e\u0434\u0430\u0442\u0447\u0438\u043a \u043b\u043e\u043f\u0430\u0441\u0442\u043d\u043e\u0433\u043e \u0442\u0438\u043f\u0430 \u0441 \u043f\u043e\u0432\u044b\u0448\u0435\u043d\u043d\u043e\u0439 \u0437\u0430\u0449\u0438\u0442\u043e\u0439 \u0438 \u0445\u043e\u0440\u043e\u0448\u043e \u043f\u043e\u0434\u0445\u043e\u0434\u0438\u0442 \u0434\u043b\u044f \u0438\u0441\u043f\u043e\u043b\u044c\u0437\u043e\u0432\u0430\u043d\u0438\u044f \u0432 \u043f\u0440\u043e\u043c\u044b\u0448\u043b\u0435\u043d\u043d\u044b\u0445 \u0443\u0441\u043b\u043e\u0432\u0438\u044f\u0445.<\/p><p>\u041a\u043b\u044e\u0447\u0435\u0432\u0430\u044f \u043e\u0441\u043e\u0431\u0435\u043d\u043d\u043e\u0441\u0442\u044c<br \/>-\u041a\u043e\u043d\u0441\u0442\u0440\u0443\u043a\u0446\u0438\u044f \u0438\u0437 \u043d\u0435\u0440\u0436\u0430\u0432\u0435\u044e\u0449\u0435\u0439 \u0441\u0442\u0430\u043b\u0438<br \/>-\u041a\u043b\u0430\u0441\u0441 \u0437\u0430\u0449\u0438\u0442\u044b IP67<br \/>-\u041e\u0447\u0435\u043d\u044c \u043c\u0430\u043b\u0435\u043d\u044c\u043a\u0438\u0439 \u0434\u0438\u0437\u0430\u0439\u043d.<br \/>-\u0412\u044b\u0441\u043e\u043a\u043e\u0435 \u0432\u0445\u043e\u0434\u043d\u043e\u0435 \u0441\u043e\u043f\u0440\u043e\u0442\u0438\u0432\u043b\u0435\u043d\u0438\u0435<\/p>\t\t\t\t\t\t<\/div>\n\t\t\t\t<\/div>\n\t\t\t\t\t<\/div>\n\t\t<\/div>\n\t\t\t\t\t\t\t<\/div>\n\t\t<\/section>\n\t\t\t\t\t<\/div>\n\t\t<\/div>\n\t\t\t\t\t\t\t<\/div>\n\t\t<\/section>\n\t\t\t\t<section class=\"elementor-section elementor-top-section elementor-element elementor-element-b1b0179 elementor-section-boxed elementor-section-height-default elementor-section-height-default\" data-id=\"b1b0179\" data-element_type=\"section\">\n\t\t\t\t\t\t<div class=\"elementor-container elementor-column-gap-default\">\n\t\t\t\t\t<div class=\"elementor-column elementor-col-100 elementor-top-column elementor-element elementor-element-54b52f6\" data-id=\"54b52f6\" data-element_type=\"column\">\n\t\t\t<div class=\"elementor-widget-wrap elementor-element-populated\">\n\t\t\t\t\t\t\t\t<div class=\"elementor-element elementor-element-b781faa elementor-tabs-view-horizontal elementor-widget elementor-widget-tabs\" data-id=\"b781faa\" data-element_type=\"widget\" data-widget_type=\"tabs.default\">\n\t\t\t\t<div class=\"elementor-widget-container\">\n\t\t\t\t\t<div class=\"elementor-tabs\">\n\t\t\t<div class=\"elementor-tabs-wrapper\" role=\"tablist\" >\n\t\t\t\t\t\t\t\t\t<div id=\"elementor-tab-title-1921\" class=\"elementor-tab-title elementor-tab-desktop-title\" aria-selected=\"true\" data-tab=\"1\" role=\"tab\" tabindex=\"0\" aria-controls=\"elementor-tab-content-1921\" aria-expanded=\"false\">\u0422\u0435\u0445\u043d\u0438\u0447\u0435\u0441\u043a\u0438\u0435 \u0445\u0430\u0440\u0430\u043a\u0442\u0435\u0440\u0438\u0441\u0442\u0438\u043a\u0438<\/div>\n\t\t\t\t\t\t\t\t\t<div id=\"elementor-tab-title-1922\" class=\"elementor-tab-title elementor-tab-desktop-title\" aria-selected=\"false\" data-tab=\"2\" role=\"tab\" tabindex=\"-1\" aria-controls=\"elementor-tab-content-1922\" aria-expanded=\"false\">\u0414\u043e\u043a\u0443\u043c\u0435\u043d\u0442\u044b<\/div>\n\t\t\t\t\t\t\t\t\t<div id=\"elementor-tab-title-1923\" class=\"elementor-tab-title elementor-tab-desktop-title\" aria-selected=\"false\" data-tab=\"3\" role=\"tab\" tabindex=\"-1\" aria-controls=\"elementor-tab-content-1923\" aria-expanded=\"false\">\u0413\u0430\u043b\u0435\u0440\u0435\u044f<\/div>\n\t\t\t\t\t\t\t<\/div>\n\t\t\t<div class=\"elementor-tabs-content-wrapper\" role=\"tablist\" aria-orientation=\"vertical\">\n\t\t\t\t\t\t\t\t\t<div class=\"elementor-tab-title elementor-tab-mobile-title\" aria-selected=\"true\" data-tab=\"1\" role=\"tab\" tabindex=\"0\" aria-controls=\"elementor-tab-content-1921\" aria-expanded=\"false\">\u0422\u0435\u0445\u043d\u0438\u0447\u0435\u0441\u043a\u0438\u0435 \u0445\u0430\u0440\u0430\u043a\u0442\u0435\u0440\u0438\u0441\u0442\u0438\u043a\u0438<\/div>\n\t\t\t\t\t<div id=\"elementor-tab-content-1921\" class=\"elementor-tab-content elementor-clearfix\" data-tab=\"1\" role=\"tabpanel\" aria-labelledby=\"elementor-tab-title-1921\" tabindex=\"0\" hidden=\"false\"><section class=\"elementor-section elementor-top-section elementor-element elementor-element-18c34d57 elementor-section-boxed elementor-section-height-default elementor-section-height-default\" data-id=\"18c34d57\" data-element_type=\"section\">\n\t\t\t\t\t\t<div class=\"elementor-container elementor-column-gap-default\">\n\t\t\t\t\t<div class=\"elementor-column elementor-col-100 elementor-top-column elementor-element elementor-element-49a11b2a\" data-id=\"49a11b2a\" data-element_type=\"column\">\n\t\t\t<div class=\"elementor-widget-wrap elementor-element-populated\">\n\t\t\t\t\t\t\t\t<div class=\"elementor-element elementor-element-609c1fd0 elementor-widget elementor-widget-image\" data-id=\"609c1fd0\" data-element_type=\"widget\" data-widget_type=\"image.default\">\n\t\t\t\t<div class=\"elementor-widget-container\">\n\t\t\t\t\t<div class=\"elementor-image\">\n\t\t\t\t\t\t\t\t\t\t<img decoding=\"async\" width=\"525\" height=\"336\" src=\"http:\/\/uzaybaskul.com\/wp-content\/uploads\/2021\/03\/Baykon_Flintec_BK2_Lama_Tipi_Yuk_Hucreleri_Tablo.png\" class=\"attachment-large size-large\" alt=\"\" loading=\"lazy\" srcset=\"http:\/\/uzaybaskul.com\/wp-content\/uploads\/2021\/03\/Baykon_Flintec_BK2_Lama_Tipi_Yuk_Hucreleri_Tablo.png 740w, http:\/\/uzaybaskul.com\/wp-content\/uploads\/2021\/03\/Baykon_Flintec_BK2_Lama_Tipi_Yuk_Hucreleri_Tablo-600x384.png 600w, http:\/\/uzaybaskul.com\/wp-content\/uploads\/2021\/03\/Baykon_Flintec_BK2_Lama_Tipi_Yuk_Hucreleri_Tablo-300x192.png 300w\" sizes=\"(max-width: 525px) 100vw, 525px\">\t\t\t\t\t\t\t\t\t\t\t<\/div>\n\t\t\t\t<\/div>\n\t\t\t\t<\/div>\n\t\t\t\t\t<\/div>\n\t\t<\/div>\n\t\t\t\t\t\t\t<\/div>\n\t\t<\/section><\/div>\n\t\t\t\t\t\t\t\t\t<div class=\"elementor-tab-title elementor-tab-mobile-title\" aria-selected=\"false\" data-tab=\"2\" role=\"tab\" tabindex=\"-1\" aria-controls=\"elementor-tab-content-1922\" aria-expanded=\"false\">\u0414\u043e\u043a\u0443\u043c\u0435\u043d\u0442\u044b<\/div>\n\t\t\t\t\t<div id=\"elementor-tab-content-1922\" class=\"elementor-tab-content elementor-clearfix\" data-tab=\"2\" role=\"tabpanel\" aria-labelledby=\"elementor-tab-title-1922\" tabindex=\"0\" hidden=\"hidden\"><section class=\"elementor-section elementor-top-section elementor-element elementor-element-20b5d7d elementor-section-boxed elementor-section-height-default elementor-section-height-default\" data-id=\"20b5d7d\" data-element_type=\"section\">\n<div class=\"elementor-container elementor-column-gap-default\">\n<div class=\"elementor-column elementor-col-33 elementor-top-column elementor-element elementor-element-780b042\" data-id=\"780b042\" data-element_type=\"column\">\n<div class=\"elementor-widget-wrap elementor-element-populated\">\n<div class=\"elementor-element elementor-element-130d17ba elementor-align-center elementor-widget elementor-widget-button\" data-id=\"130d17ba\" data-element_type=\"widget\" data-widget_type=\"button.default\">\n<div class=\"elementor-widget-container\">\n<div class=\"elementor-button-wrapper\"><a class=\"elementor-button-link elementor-button elementor-size-sm\" role=\"button\" href=\"http:\/\/uzaybaskul.com\/iletisim\/\">\n<span class=\"elementor-button-content-wrapper\">\n<span class=\"elementor-button-icon elementor-align-icon-left\">\n<i class=\"far fa-arrow-alt-circle-right\" aria-hidden=\"true\"><\/i> <\/span>\n<span class=\"elementor-button-text\">Bilgi \u0130stiyorum<\/span>\n<\/span>\n<\/a><\/div>\n<\/div>\n<\/div>\n<\/div>\n<\/div>\n<div class=\"elementor-column elementor-col-33 elementor-top-column elementor-element elementor-element-cfe4dd2\" data-id=\"cfe4dd2\" data-element_type=\"column\">\n<div class=\"elementor-widget-wrap elementor-element-populated\">\n<div class=\"elementor-element elementor-element-534d91c elementor-align-center elementor-widget elementor-widget-button\" data-id=\"534d91c\" data-element_type=\"widget\" data-widget_type=\"button.default\">\n<div class=\"elementor-widget-container\">\n<div class=\"elementor-button-wrapper\"><a class=\"elementor-button-link elementor-button elementor-size-sm\" role=\"button\" href=\"http:\/\/uzaybaskul.com\/wp-content\/uploads\/2021\/07\/brosur-169-kb.pdf\">\n<span class=\"elementor-button-content-wrapper\">\n<span class=\"elementor-button-icon elementor-align-icon-left\">\n<i class=\"ion ion-document-text\" aria-hidden=\"true\"><\/i> <\/span>\n<span class=\"elementor-button-text\">Katalog \u0130ndir<\/span>\n<\/span>\n<\/a><\/div>\n<\/div>\n<\/div>\n<\/div>\n<\/div>\n<div class=\"elementor-column elementor-col-33 elementor-top-column elementor-element elementor-element-381c1d1\" data-id=\"381c1d1\" data-element_type=\"column\">\n<div class=\"elementor-widget-wrap elementor-element-populated\">\n<div class=\"elementor-element elementor-element-785e6b0 elementor-align-center elementor-widget elementor-widget-button\" data-id=\"785e6b0\" data-element_type=\"widget\" data-widget_type=\"button.default\">\n<div class=\"elementor-widget-container\">\n<div class=\"elementor-button-wrapper\"><a class=\"elementor-button-link elementor-button elementor-size-sm\" role=\"button\" href=\"#\">\n<span class=\"elementor-button-content-wrapper\">\n<span class=\"elementor-button-icon elementor-align-icon-left\">\n<i class=\"far fa-file-pdf\" aria-hidden=\"true\"><\/i> <\/span>\n<span class=\"elementor-button-text\">K\u0131lavuz indir<\/span>\n<\/span>\n<\/a><\/div>\n<\/div>\n<\/div>\n<\/div>\n<\/div>\n<\/div>\n<\/section><\/div>\n\t\t\t\t\t\t\t\t\t<div class=\"elementor-tab-title elementor-tab-mobile-title\" aria-selected=\"false\" data-tab=\"3\" role=\"tab\" tabindex=\"-1\" aria-controls=\"elementor-tab-content-1923\" aria-expanded=\"false\">\u0413\u0430\u043b\u0435\u0440\u0435\u044f<\/div>\n\t\t\t\t\t<div id=\"elementor-tab-content-1923\" class=\"elementor-tab-content elementor-clearfix\" data-tab=\"3\" role=\"tabpanel\" aria-labelledby=\"elementor-tab-title-1923\" tabindex=\"0\" hidden=\"hidden\"><section class=\"elementor-section elementor-top-section elementor-element elementor-element-782f076b elementor-section-boxed elementor-section-height-default elementor-section-height-default\" data-id=\"782f076b\" data-element_type=\"section\">\n\t\t\t\t\t\t<div class=\"elementor-container elementor-column-gap-default\">\n\t\t\t\t\t<div class=\"elementor-column elementor-col-100 elementor-top-column elementor-element elementor-element-68d86525\" data-id=\"68d86525\" data-element_type=\"column\">\n\t\t\t<div class=\"elementor-widget-wrap elementor-element-populated\">\n\t\t\t\t\t\t\t\t<div class=\"elementor-element elementor-element-0f53028 elementor-widget elementor-widget-image-gallery\" data-id=\"0f53028\" data-element_type=\"widget\" data-widget_type=\"image-gallery.default\">\n\t\t\t\t<div class=\"elementor-widget-container\">\n\t\t\t\t\t<div class=\"elementor-image-gallery\">\n\t\t\t<div id=\"gallery-1\" class=\"gallery galleryid-6663 gallery-columns-4 gallery-size-thumbnail\"><figure class=\"gallery-item\">\n\t\t\t<div class=\"gallery-icon landscape\">\n\t\t\t\t<a data-elementor-open-lightbox=\"yes\" data-elementor-lightbox-slideshow=\"0f53028\" data-elementor-lightbox-title=\"1_65390298_seles_t_28\" href=\"http:\/\/uzaybaskul.com\/wp-content\/uploads\/2021\/03\/1_65390298_seles_t_28.jpg\"><img decoding=\"async\" width=\"150\" height=\"150\" src=\"http:\/\/uzaybaskul.com\/wp-content\/uploads\/2021\/03\/1_65390298_seles_t_28-150x150.jpg\" class=\"attachment-thumbnail size-thumbnail\" alt=\"\" loading=\"lazy\" srcset=\"http:\/\/uzaybaskul.com\/wp-content\/uploads\/2021\/03\/1_65390298_seles_t_28-150x150.jpg 150w, http:\/\/uzaybaskul.com\/wp-content\/uploads\/2021\/03\/1_65390298_seles_t_28-300x300.jpg 300w, http:\/\/uzaybaskul.com\/wp-content\/uploads\/2021\/03\/1_65390298_seles_t_28-100x100.jpg 100w, http:\/\/uzaybaskul.com\/wp-content\/uploads\/2021\/03\/1_65390298_seles_t_28-120x120.jpg 120w\" sizes=\"(max-width: 150px) 100vw, 150px\"><\/a>\n\t\t\t<\/div><\/figure>\n\t\t<\/div>\n\t\t<\/div>\n\t\t\t\t<\/div>\n\t\t\t\t<\/div>\n\t\t\t\t\t<\/div>\n\t\t<\/div>\n\t\t\t\t\t\t\t<\/div>\n\t\t<\/section><\/div>\n\t\t\t\t\t\t\t<\/div>\n\t\t<\/div>\n\t\t\t\t<\/div>\n\t\t\t\t<\/div>\n\t\t\t\t\t<\/div>\n\t\t<\/div>\n\t\t\t\t\t\t\t<\/div>\n\t\t<\/section>\n\t\t\t\t\t\t\t<\/div>\n\t\t","protected":false},"excerpt":{"rendered":"<p>Baykon BK2 \u041c\u043e\u0434\u0435\u043b\u044c BK2 \u043f\u0440\u0435\u0434\u0441\u0442\u0430\u0432\u043b\u044f\u0435\u0442 \u0441\u043e\u0431\u043e\u0439 \u0442\u0435\u043d\u0437\u043e\u0434\u0430\u0442\u0447\u0438\u043a \u043b\u043e\u043f\u0430\u0441\u0442\u043d\u043e\u0433\u043e \u0442\u0438\u043f\u0430 \u0441 \u043f\u043e\u0432\u044b\u0448\u0435\u043d\u043d\u043e\u0439 \u0437\u0430\u0449\u0438\u0442\u043e\u0439 \u0438 \u0445\u043e\u0440\u043e\u0448\u043e \u043f\u043e\u0434\u0445\u043e\u0434\u0438\u0442 \u0434\u043b\u044f \u0438\u0441\u043f\u043e\u043b\u044c\u0437\u043e\u0432\u0430\u043d\u0438\u044f \u0432 \u043f\u0440\u043e\u043c\u044b\u0448\u043b\u0435\u043d\u043d\u044b\u0445 \u0443\u0441\u043b\u043e\u0432\u0438\u044f\u0445.\u041a\u043b\u044e\u0447\u0435\u0432\u0430\u044f \u043e\u0441\u043e\u0431\u0435\u043d\u043d\u043e\u0441\u0442\u044c-\u041a\u043e\u043d\u0441\u0442\u0440\u0443\u043a\u0446\u0438\u044f \u0438\u0437 \u043d\u0435\u0440\u0436\u0430\u0432\u0435\u044e\u0449\u0435\u0439 \u0441\u0442\u0430\u043b\u0438-\u041a\u043b\u0430\u0441\u0441 \u0437\u0430\u0449\u0438\u0442\u044b IP67-\u041e\u0447\u0435\u043d\u044c \u043c\u0430\u043b\u0435\u043d\u044c\u043a\u0438\u0439 \u0434\u0438\u0437\u0430\u0439\u043d.-\u0412\u044b\u0441\u043e\u043a\u043e\u0435 \u0432\u0445\u043e\u0434\u043d\u043e\u0435 \u0441\u043e\u043f\u0440\u043e\u0442\u0438\u0432\u043b\u0435\u043d\u0438\u0435 \u0422\u0435\u0445\u043d\u0438\u0447\u0435\u0441\u043a\u0438\u0435 \u0445\u0430\u0440\u0430\u043a\u0442\u0435\u0440\u0438\u0441\u0442\u0438\u043a\u0438 \u0414\u043e\u043a\u0443\u043c\u0435\u043d\u0442\u044b \u0413\u0430\u043b\u0435\u0440\u0435\u044f \u0422\u0435\u0445\u043d\u0438\u0447\u0435\u0441\u043a\u0438\u0435 \u0445\u0430\u0440\u0430\u043a\u0442\u0435\u0440\u0438\u0441\u0442\u0438\u043a\u0438 \u0414\u043e\u043a\u0443\u043c\u0435\u043d\u0442\u044b Bilgi \u0130stiyorum Katalog \u0130ndir K\u0131lavuz indir \u0413\u0430\u043b\u0435\u0440\u0435\u044f<\/p>\n","protected":false},"author":1,"featured_media":0,"parent":0,"menu_order":0,"comment_status":"closed","ping_status":"closed","template":"","meta":{"_monsterinsights_skip_tracking":false,"_monsterinsights_sitenote_active":false,"_monsterinsights_sitenote_note":"","_monsterinsights_sitenote_category":0,"_joinchat":[],"footnotes":""},"aioseo_notices":[],"_links":{"self":[{"href":"https:\/\/uzaybaskul.com\/ru\/wp-json\/wp\/v2\/pages\/6849"}],"collection":[{"href":"https:\/\/uzaybaskul.com\/ru\/wp-json\/wp\/v2\/pages"}],"about":[{"href":"https:\/\/uzaybaskul.com\/ru\/wp-json\/wp\/v2\/types\/page"}],"author":[{"embeddable":true,"href":"https:\/\/uzaybaskul.com\/ru\/wp-json\/wp\/v2\/users\/1"}],"replies":[{"embeddable":true,"href":"https:\/\/uzaybaskul.com\/ru\/wp-json\/wp\/v2\/comments?post=6849"}],"version-history":[{"count":31,"href":"https:\/\/uzaybaskul.com\/ru\/wp-json\/wp\/v2\/pages\/6849\/revisions"}],"predecessor-version":[{"id":10134,"href":"https:\/\/uzaybaskul.com\/ru\/wp-json\/wp\/v2\/pages\/6849\/revisions\/10134"}],"wp:attachment":[{"href":"https:\/\/uzaybaskul.com\/ru\/wp-json\/wp\/v2\/media?parent=6849"}],"curies":[{"name":"wp","href":"https:\/\/api.w.org\/{rel}","templated":true}]}}