{"id":6709,"date":"2021-03-27T01:00:12","date_gmt":"2021-03-27T01:00:12","guid":{"rendered":"http:\/\/www.akgun-elektrik.com.tr\/uzay\/?page_id=6709"},"modified":"2024-08-04T13:34:55","modified_gmt":"2024-08-04T13:34:55","slug":"pantum-p2500-%d0%bf%d1%80%d0%b8%d0%bd%d1%82%d0%b5%d1%80-%d0%bc%d0%be%d0%bd%d0%be-%d0%bb%d0%b0%d0%b7%d0%b5%d1%80%d0%bd%d1%8b%d0%b9-%d0%bf%d1%80%d0%b8%d0%bd%d1%82%d0%b5%d1%80","status":"publish","type":"page","link":"https:\/\/uzaybaskul.com\/ru\/pantum-p2500-%d0%bf%d1%80%d0%b8%d0%bd%d1%82%d0%b5%d1%80-%d0%bc%d0%be%d0%bd%d0%be-%d0%bb%d0%b0%d0%b7%d0%b5%d1%80%d0%bd%d1%8b%d0%b9-%d0%bf%d1%80%d0%b8%d0%bd%d1%82%d0%b5%d1%80\/","title":{"rendered":"\u041f\u0440\u0438\u043d\u0442\u0435\u0440 Pantum P2500 \u0427\u0435\u0440\u043d\u043e-\u0431\u0435\u043b\u044b\u0439 \u043b\u0430\u0437\u0435\u0440\u043d\u044b\u0439 \u043f\u0440\u0438\u043d\u0442\u0435\u0440"},"content":{"rendered":"\t\t<div data-elementor-type=\"wp-page\" data-elementor-id=\"6709\" class=\"elementor elementor-6709\">\n\t\t\t\t\t\t\t\t\t<section class=\"elementor-section elementor-top-section elementor-element elementor-element-2e2134b elementor-section-boxed elementor-section-height-default elementor-section-height-default\" data-id=\"2e2134b\" data-element_type=\"section\">\n\t\t\t\t\t\t<div class=\"elementor-container elementor-column-gap-default\">\n\t\t\t\t\t<div class=\"elementor-column elementor-col-100 elementor-top-column elementor-element elementor-element-fbb7742\" data-id=\"fbb7742\" data-element_type=\"column\">\n\t\t\t<div class=\"elementor-widget-wrap elementor-element-populated\">\n\t\t\t\t\t\t\t\t<div class=\"elementor-element elementor-element-f065cdf elementor-widget elementor-widget-heading\" data-id=\"f065cdf\" data-element_type=\"widget\" data-widget_type=\"heading.default\">\n\t\t\t\t<div class=\"elementor-widget-container\">\n\t\t\t<h2 class=\"elementor-heading-title elementor-size-default\">Pantum P2500 Yaz\u0131c\u0131 Mono Lazer Yaz\u0131c\u0131\n\n<\/h2>\t\t<\/div>\n\t\t\t\t<\/div>\n\t\t\t\t\t<\/div>\n\t\t<\/div>\n\t\t\t\t\t\t\t<\/div>\n\t\t<\/section>\n\t\t\t\t<section class=\"elementor-section elementor-top-section elementor-element elementor-element-65259cc9 elementor-section-boxed elementor-section-height-default elementor-section-height-default\" data-id=\"65259cc9\" data-element_type=\"section\">\n\t\t\t\t\t\t<div class=\"elementor-container elementor-column-gap-default\">\n\t\t\t\t\t<div class=\"elementor-column elementor-col-100 elementor-top-column elementor-element elementor-element-9936c10\" data-id=\"9936c10\" data-element_type=\"column\">\n\t\t\t<div class=\"elementor-widget-wrap elementor-element-populated\">\n\t\t\t\t\t\t\t\t<section class=\"elementor-section elementor-inner-section elementor-element elementor-element-56b00c1a elementor-section-boxed elementor-section-height-default elementor-section-height-default\" data-id=\"56b00c1a\" data-element_type=\"section\">\n\t\t\t\t\t\t<div class=\"elementor-container elementor-column-gap-default\">\n\t\t\t\t\t<div class=\"elementor-column elementor-col-50 elementor-inner-column elementor-element elementor-element-48e9597f\" data-id=\"48e9597f\" data-element_type=\"column\">\n\t\t\t<div class=\"elementor-widget-wrap elementor-element-populated\">\n\t\t\t\t\t\t\t\t<div class=\"elementor-element elementor-element-5cffba91 elementor-widget elementor-widget-image\" data-id=\"5cffba91\" data-element_type=\"widget\" data-widget_type=\"image.default\">\n\t\t\t\t<div class=\"elementor-widget-container\">\n\t\t\t\t\t\t\t\t\t\t\t\t\t\t\t<img loading=\"lazy\" decoding=\"async\" width=\"500\" height=\"500\" src=\"https:\/\/uzaybaskul.com\/ru\/wp-content\/uploads\/2021\/03\/1_74440286_pantum_p25001.jpg\" class=\"attachment-large size-large\" alt=\"\" srcset=\"https:\/\/uzaybaskul.com\/ru\/wp-content\/uploads\/2021\/03\/1_74440286_pantum_p25001.jpg 500w, https:\/\/uzaybaskul.com\/ru\/wp-content\/uploads\/2021\/03\/1_74440286_pantum_p25001-300x300.jpg 300w, https:\/\/uzaybaskul.com\/ru\/wp-content\/uploads\/2021\/03\/1_74440286_pantum_p25001-100x100.jpg 100w, https:\/\/uzaybaskul.com\/ru\/wp-content\/uploads\/2021\/03\/1_74440286_pantum_p25001-150x150.jpg 150w, https:\/\/uzaybaskul.com\/ru\/wp-content\/uploads\/2021\/03\/1_74440286_pantum_p25001-120x120.jpg 120w\" sizes=\"(max-width: 500px) 100vw, 500px\" \/>\t\t\t\t\t\t\t\t\t\t\t\t\t\t\t<\/div>\n\t\t\t\t<\/div>\n\t\t\t\t\t<\/div>\n\t\t<\/div>\n\t\t\t\t<div class=\"elementor-column elementor-col-50 elementor-inner-column elementor-element elementor-element-11d97115\" data-id=\"11d97115\" data-element_type=\"column\">\n\t\t\t<div class=\"elementor-widget-wrap elementor-element-populated\">\n\t\t\t\t\t\t\t\t<div class=\"elementor-element elementor-element-37044b53 elementor-widget elementor-widget-text-editor\" data-id=\"37044b53\" data-element_type=\"widget\" data-widget_type=\"text-editor.default\">\n\t\t\t\t<div class=\"elementor-widget-container\">\n\t\t\t\t\t\t\t<p>Pantum P2500 Yaz\u0131c\u0131 Mono Lazer Yaz\u0131c\u0131 (<span class=\"Y2IQFc\" lang=\"ru\">\u041e\u043f\u0446\u0438\u043e\u043d\u0430\u043b\u044c\u043d\u0430\u044f \u0432\u043e\u0437\u043c\u043e\u0436\u043d\u043e\u0441\u0442\u044c \u0437\u0430\u043f\u043e\u043b\u043d\u0435\u043d\u0438\u044f<\/span>)<\/p><p>\u0412 \u0441\u0442\u0430\u043d\u0434\u0430\u0440\u0442\u043d\u044b\u0439 \u043a\u043e\u043c\u043f\u043b\u0435\u043a\u0442 \u043f\u043e\u0441\u0442\u0430\u0432\u043a\u0438 \u0432\u0445\u043e\u0434\u0438\u0442 \u0441\u0442\u0430\u0440\u0442\u043e\u0432\u044b\u0439 \u0442\u043e\u043d\u0435\u0440-\u043a\u0430\u0440\u0442\u0440\u0438\u0434\u0436 \u043d\u0430 700 \u0441\u0442\u0440\u0430\u043d\u0438\u0446 \u0438 \u0441\u0442\u0430\u0440\u0442\u043e\u0432\u044b\u0439 \u0431\u043b\u043e\u043a \u0444\u043e\u0442\u043e\u0431\u0430\u0440\u0430\u0431\u0430\u043d\u0430 (\u043a\u043e\u043f\u0438-\u043a\u0430\u0440\u0442\u0440\u0438\u0434\u0436).<\/p><p>\u0414\u043e\u043f\u043e\u043b\u043d\u0438\u0442\u0435\u043b\u044c\u043d\u044b\u0439 \u0442\u043e\u043d\u0435\u0440 \u0438 \u0447\u0438\u043f \u043f\u0440\u043e\u0434\u0430\u044e\u0442\u0441\u044f \u043e\u0442\u0434\u0435\u043b\u044c\u043d\u043e; \u043e\u043f\u0446\u0438\u044f \u0437\u0430\u043f\u0440\u0430\u0432\u043a\u0438 \u043e\u0440\u0438\u0433\u0438\u043d\u0430\u043b\u044c\u043d\u043e\u0433\u043e \u0442\u043e\u043d\u0435\u0440\u0430 pantum pa-200b \u0438\u043b\u0438 pa-200b\/v1.<\/p><p>\u041c\u044b \u0440\u0435\u043a\u043e\u043c\u0435\u043d\u0434\u0443\u0435\u043c \u0438\u0441\u043f\u043e\u043b\u044c\u0437\u043e\u0432\u0430\u0442\u044c \u043e\u0440\u0438\u0433\u0438\u043d\u0430\u043b\u044c\u043d\u044b\u0435 \u043a\u0430\u0440\u0442\u0440\u0438\u0434\u0436\u0438 \u0441 \u0442\u043e\u043d\u0435\u0440\u043e\u043c \u0438 \u0447\u0438\u043f\u0430\u043c\u0438 PANTUM PA-200B \u0438\u043b\u0438 PA200B\/V1, \u0447\u0442\u043e\u0431\u044b \u0441\u043e\u0445\u0440\u0430\u043d\u0438\u0442\u044c \u0433\u0430\u0440\u0430\u043d\u0442\u0438\u044e \u043d\u0430 \u0432\u0430\u0448\u0435 \u0443\u0441\u0442\u0440\u043e\u0439\u0441\u0442\u0432\u043e.<\/p><p>\u0421\u043e\u0431\u043b\u044e\u0434\u0430\u044f \u0438\u043d\u0441\u0442\u0440\u0443\u043a\u0446\u0438\u0438 \u0432 \u0440\u0443\u043a\u043e\u0432\u043e\u0434\u0441\u0442\u0432\u0435, \u0432\u044b \u0441\u043c\u043e\u0436\u0435\u0442\u0435 \u0443\u0441\u043f\u0435\u0448\u043d\u043e \u0437\u0430\u043f\u0440\u0430\u0432\u0438\u0442\u044c \u0441\u0442\u0430\u0440\u0442\u043e\u0432\u044b\u0439 \u043a\u0430\u0440\u0442\u0440\u0438\u0434\u0436 \u0441 \u0442\u043e\u043d\u0435\u0440\u043e\u043c (PT-210) \u043e\u0442 1 \u0434\u043e 5 \u0440\u0430\u0437.<\/p><p>\u041f\u0440\u0438\u0441\u0442\u0443\u043f\u0438\u0442\u044c \u043a \u0437\u0430\u043f\u0440\u0430\u0432\u043a\u0435 \u0441\u043d\u043e\u0432\u0430 \u043c\u043e\u0436\u043d\u043e, \u0437\u0430\u043c\u0435\u043d\u0438\u0432 \u0442\u043e\u043d\u0435\u0440-\u043a\u0430\u0440\u0442\u0440\u0438\u0434\u0436 \u043d\u0430 \u043d\u043e\u0432\u044b\u0439 (PA-210EV), \u043a\u043e\u0433\u0434\u0430 \u0437\u0430\u043a\u043e\u043d\u0447\u0438\u0442\u0441\u044f \u044d\u043a\u043e\u043d\u043e\u043c\u0438\u0447\u0435\u0441\u043a\u0438\u0439 \u0441\u0440\u043e\u043a \u0442\u043e\u043d\u0435\u0440-\u043a\u0430\u0440\u0442\u0440\u0438\u0434\u0436\u0430.<\/p>\t\t\t\t\t\t<\/div>\n\t\t\t\t<\/div>\n\t\t\t\t\t<\/div>\n\t\t<\/div>\n\t\t\t\t\t\t\t<\/div>\n\t\t<\/section>\n\t\t\t\t\t<\/div>\n\t\t<\/div>\n\t\t\t\t\t\t\t<\/div>\n\t\t<\/section>\n\t\t\t\t<section class=\"elementor-section elementor-top-section elementor-element elementor-element-1dfe100 elementor-section-boxed elementor-section-height-default elementor-section-height-default\" data-id=\"1dfe100\" data-element_type=\"section\">\n\t\t\t\t\t\t<div class=\"elementor-container elementor-column-gap-default\">\n\t\t\t\t\t<div class=\"elementor-column elementor-col-100 elementor-top-column elementor-element elementor-element-bda3df8\" data-id=\"bda3df8\" data-element_type=\"column\">\n\t\t\t<div class=\"elementor-widget-wrap elementor-element-populated\">\n\t\t\t\t\t\t\t\t<div class=\"elementor-element elementor-element-ea322a9 elementor-tabs-view-horizontal elementor-widget elementor-widget-tabs\" data-id=\"ea322a9\" data-element_type=\"widget\" data-widget_type=\"tabs.default\">\n\t\t\t\t<div class=\"elementor-widget-container\">\n\t\t\t\t\t<div class=\"elementor-tabs\">\n\t\t\t<div class=\"elementor-tabs-wrapper\" role=\"tablist\" >\n\t\t\t\t\t\t\t\t\t<div id=\"elementor-tab-title-2451\" class=\"elementor-tab-title elementor-tab-desktop-title\" aria-selected=\"true\" data-tab=\"1\" role=\"tab\" tabindex=\"0\" aria-controls=\"elementor-tab-content-2451\" aria-expanded=\"false\">\u0422\u0435\u0445\u043d\u0438\u0447\u0435\u0441\u043a\u0438\u0435 \u0445\u0430\u0440\u0430\u043a\u0442\u0435\u0440\u0438\u0441\u0442\u0438\u043a\u0438<\/div>\n\t\t\t\t\t\t\t\t\t<div id=\"elementor-tab-title-2452\" class=\"elementor-tab-title elementor-tab-desktop-title\" aria-selected=\"false\" data-tab=\"2\" role=\"tab\" tabindex=\"-1\" aria-controls=\"elementor-tab-content-2452\" aria-expanded=\"false\">\u0414\u043e\u043a\u0443\u043c\u0435\u043d\u0442\u044b<\/div>\n\t\t\t\t\t\t\t\t\t<div id=\"elementor-tab-title-2453\" class=\"elementor-tab-title elementor-tab-desktop-title\" aria-selected=\"false\" data-tab=\"3\" role=\"tab\" tabindex=\"-1\" aria-controls=\"elementor-tab-content-2453\" aria-expanded=\"false\">\u0413\u0430\u043b\u0435\u0440\u0435\u044f<\/div>\n\t\t\t\t\t\t\t<\/div>\n\t\t\t<div class=\"elementor-tabs-content-wrapper\" role=\"tablist\" aria-orientation=\"vertical\">\n\t\t\t\t\t\t\t\t\t<div class=\"elementor-tab-title elementor-tab-mobile-title\" aria-selected=\"true\" data-tab=\"1\" role=\"tab\" tabindex=\"0\" aria-controls=\"elementor-tab-content-2451\" aria-expanded=\"false\">\u0422\u0435\u0445\u043d\u0438\u0447\u0435\u0441\u043a\u0438\u0435 \u0445\u0430\u0440\u0430\u043a\u0442\u0435\u0440\u0438\u0441\u0442\u0438\u043a\u0438<\/div>\n\t\t\t\t\t<div id=\"elementor-tab-content-2451\" class=\"elementor-tab-content elementor-clearfix\" data-tab=\"1\" role=\"tabpanel\" aria-labelledby=\"elementor-tab-title-2451\" tabindex=\"0\" hidden=\"false\"><p>\u041f\u0440\u0438\u043c\u0435\u0447\u0430\u043d\u0438\u0435. \u041f\u0440\u043e\u0438\u0437\u0432\u043e\u0434\u0438\u0442\u0435\u043b\u044c\u043d\u043e\u0441\u0442\u044c \u043f\u0435\u0447\u0430\u0442\u0438, \u0443\u043a\u0430\u0437\u0430\u043d\u043d\u0430\u044f \u0432 \u043a\u0430\u0447\u0435\u0441\u0442\u0432\u0435 \u0438\u043d\u0444\u043e\u0440\u043c\u0430\u0446\u0438\u0438, \u043c\u043e\u0436\u0435\u0442 \u0432\u0430\u0440\u044c\u0438\u0440\u043e\u0432\u0430\u0442\u044c\u0441\u044f \u0432 \u0437\u0430\u0432\u0438\u0441\u0438\u043c\u043e\u0441\u0442\u0438 \u043e\u0442 \u043f\u043b\u043e\u0442\u043d\u043e\u0441\u0442\u0438 \u043f\u0435\u0447\u0430\u0442\u0438 \u0438 \u043a\u0430\u0447\u0435\u0441\u0442\u0432\u0430 \u0437\u0430\u043f\u0440\u0430\u0432\u043a\u0438 \u0432\u043e \u0432\u0440\u0435\u043c\u044f \u0437\u0430\u043f\u0440\u0430\u0432\u043a\u0438. \u0415\u043c\u043a\u043e\u0441\u0442\u044c \u043f\u0435\u0447\u0430\u0442\u0438 \u0441\u0442\u0440\u0430\u043d\u0438\u0446 \u0440\u0430\u0441\u0441\u0447\u0438\u0442\u044b\u0432\u0430\u0435\u0442\u0441\u044f \u043d\u0430 \u043e\u0441\u043d\u043e\u0432\u0435 \u043c\u0438\u0440\u043e\u0432\u044b\u0445 \u0441\u0442\u0430\u043d\u0434\u0430\u0440\u0442\u043e\u0432 (\u043e\u0445\u0432\u0430\u0442 5 %) \u0438 \u043f\u0440\u0435\u0434\u0441\u0442\u0430\u0432\u043b\u044f\u0435\u0442 \u0441\u043e\u0431\u043e\u0439 \u0440\u0435\u043a\u043e\u043c\u0435\u043d\u0434\u0443\u0435\u043c\u044b\u0435 \u0437\u043d\u0430\u0447\u0435\u043d\u0438\u044f.<\/p><p>\u0421\u0440\u0435\u0434\u043d\u044f\u044f \u044d\u0444\u0444\u0435\u043a\u0442\u0438\u0432\u043d\u043e\u0441\u0442\u044c \u0442\u043e\u043d\u0435\u0440-\u043a\u0430\u0440\u0442\u0440\u0438\u0434\u0436\u0430 \u0441\u043e\u043e\u0442\u0432\u0435\u0442\u0441\u0442\u0432\u0443\u0435\u0442 \u0441\u043f\u0435\u0446\u0438\u0444\u0438\u043a\u0430\u0446\u0438\u044f\u043c ISO\/IEC 19752. (\u041e\u0442\u0434\u0435\u043b\u044c\u043d\u044b\u0435 \u043f\u043e\u043b\u044c\u0437\u043e\u0432\u0430\u0442\u0435\u043b\u0438 \u043c\u043e\u0433\u0443\u0442 \u043f\u043e\u043b\u0443\u0447\u0430\u0442\u044c \u0440\u0430\u0437\u043d\u044b\u0435 \u0440\u0435\u0437\u0443\u043b\u044c\u0442\u0430\u0442\u044b \u043f\u043e \u0440\u0435\u0441\u0443\u0440\u0441\u0443 \u0441\u0442\u0440\u0430\u043d\u0438\u0446\u044b \u0432 \u0437\u0430\u0432\u0438\u0441\u0438\u043c\u043e\u0441\u0442\u0438 \u043e\u0442 \u0443\u0441\u043b\u043e\u0432\u0438\u0439 \u043e\u043a\u0440\u0443\u0436\u0430\u044e\u0449\u0435\u0439 \u0441\u0440\u0435\u0434\u044b \u0438 \u043f\u043e\u043a\u0440\u044b\u0442\u0438\u044f \u0441\u0442\u0440\u0430\u043d\u0438\u0446\u044b.)<\/p><\/div>\n\t\t\t\t\t\t\t\t\t<div class=\"elementor-tab-title elementor-tab-mobile-title\" aria-selected=\"false\" data-tab=\"2\" role=\"tab\" tabindex=\"-1\" aria-controls=\"elementor-tab-content-2452\" aria-expanded=\"false\">\u0414\u043e\u043a\u0443\u043c\u0435\u043d\u0442\u044b<\/div>\n\t\t\t\t\t<div id=\"elementor-tab-content-2452\" class=\"elementor-tab-content elementor-clearfix\" data-tab=\"2\" role=\"tabpanel\" aria-labelledby=\"elementor-tab-title-2452\" tabindex=\"0\" hidden=\"hidden\"><section class=\"elementor-section elementor-top-section elementor-element elementor-element-20b5d7d elementor-section-boxed elementor-section-height-default elementor-section-height-default\" data-id=\"20b5d7d\" data-element_type=\"section\">\n<div class=\"elementor-container elementor-column-gap-default\">\n<div class=\"elementor-column elementor-col-33 elementor-top-column elementor-element elementor-element-780b042\" data-id=\"780b042\" data-element_type=\"column\">\n<div class=\"elementor-widget-wrap elementor-element-populated\">\n<div class=\"elementor-element elementor-element-130d17ba elementor-align-center elementor-widget elementor-widget-button\" data-id=\"130d17ba\" data-element_type=\"widget\" data-widget_type=\"button.default\">\n<div class=\"elementor-widget-container\">\n<div class=\"elementor-button-wrapper\"><a class=\"elementor-button-link elementor-button elementor-size-md\" role=\"button\" href=\"http:\/\/uzaybaskul.com\/iletisim\/\">\n<span class=\"elementor-button-content-wrapper\">\n<span class=\"elementor-button-icon elementor-align-icon-left\">\n<i class=\"far fa-arrow-alt-circle-right\" aria-hidden=\"true\"><\/i> <\/span>\n<span class=\"elementor-button-text\">Bilgi \u0130stiyorum<\/span>\n<\/span>\n<\/a><\/div>\n<\/div>\n<\/div>\n<\/div>\n<\/div>\n<div class=\"elementor-column elementor-col-33 elementor-top-column elementor-element elementor-element-cfe4dd2\" data-id=\"cfe4dd2\" data-element_type=\"column\">\n<div class=\"elementor-widget-wrap elementor-element-populated\">\n<div class=\"elementor-element elementor-element-534d91c elementor-align-center elementor-widget elementor-widget-button\" data-id=\"534d91c\" data-element_type=\"widget\" data-widget_type=\"button.default\">\n<div class=\"elementor-widget-container\">\n<div class=\"elementor-button-wrapper\"><a class=\"elementor-button-link elementor-button elementor-size-md\" role=\"button\" href=\"http:\/\/uzaybaskul.com\/wp-content\/uploads\/2021\/09\/P2500.pdf\">\n<span class=\"elementor-button-content-wrapper\">\n<span class=\"elementor-button-icon elementor-align-icon-left\">\n<i class=\"ion ion-document-text\" aria-hidden=\"true\"><\/i> <\/span>\n<span class=\"elementor-button-text\">Katalog \u0130ndir<\/span>\n<\/span>\n<\/a><\/div>\n<\/div>\n<\/div>\n<\/div>\n<\/div>\n<div class=\"elementor-column elementor-col-33 elementor-top-column elementor-element elementor-element-381c1d1\" data-id=\"381c1d1\" data-element_type=\"column\">\n<div class=\"elementor-widget-wrap elementor-element-populated\">\n<div class=\"elementor-element elementor-element-785e6b0 elementor-align-center elementor-widget elementor-widget-button\" data-id=\"785e6b0\" data-element_type=\"widget\" data-widget_type=\"button.default\">\n<div class=\"elementor-widget-container\">\n<div class=\"elementor-button-wrapper\"><a class=\"elementor-button-link elementor-button elementor-size-md\" role=\"button\" href=\"#\">\n<span class=\"elementor-button-content-wrapper\">\n<span class=\"elementor-button-icon elementor-align-icon-left\">\n<i class=\"far fa-file-pdf\" aria-hidden=\"true\"><\/i> <\/span>\n<span class=\"elementor-button-text\">Klavuz indir<\/span>\n<\/span>\n<\/a><\/div>\n<\/div>\n<\/div>\n<\/div>\n<\/div>\n<\/div>\n<\/section><\/div>\n\t\t\t\t\t\t\t\t\t<div class=\"elementor-tab-title elementor-tab-mobile-title\" aria-selected=\"false\" data-tab=\"3\" role=\"tab\" tabindex=\"-1\" aria-controls=\"elementor-tab-content-2453\" aria-expanded=\"false\">\u0413\u0430\u043b\u0435\u0440\u0435\u044f<\/div>\n\t\t\t\t\t<div id=\"elementor-tab-content-2453\" class=\"elementor-tab-content elementor-clearfix\" data-tab=\"3\" role=\"tabpanel\" aria-labelledby=\"elementor-tab-title-2453\" tabindex=\"0\" hidden=\"hidden\"><section class=\"elementor-section elementor-top-section elementor-element elementor-element-782f076b elementor-section-boxed elementor-section-height-default elementor-section-height-default\" data-id=\"782f076b\" data-element_type=\"section\">\n\t\t\t\t\t\t<div class=\"elementor-container elementor-column-gap-default\">\n\t\t\t\t\t<div class=\"elementor-column elementor-col-100 elementor-top-column elementor-element elementor-element-68d86525\" data-id=\"68d86525\" data-element_type=\"column\">\n\t\t\t<div class=\"elementor-widget-wrap elementor-element-populated\">\n\t\t\t\t\t\t\t\t<div class=\"elementor-element elementor-element-0f53028 elementor-widget elementor-widget-image-gallery\" data-id=\"0f53028\" data-element_type=\"widget\" data-widget_type=\"image-gallery.default\">\n\t\t\t\t<div class=\"elementor-widget-container\">\n\t\t\t\t\t<div class=\"elementor-image-gallery\">\n\t\t\t<div id=\"gallery-1\" class=\"gallery galleryid-6663 gallery-columns-4 gallery-size-thumbnail\"><figure class=\"gallery-item\">\n\t\t\t<div class=\"gallery-icon landscape\">\n\t\t\t\t<a data-elementor-open-lightbox=\"yes\" data-elementor-lightbox-slideshow=\"0f53028\" data-elementor-lightbox-title=\"1_65390298_seles_t_28\" href=\"http:\/\/uzaybaskul.com\/wp-content\/uploads\/2021\/03\/1_65390298_seles_t_28.jpg\"><img decoding=\"async\" width=\"150\" height=\"150\" src=\"http:\/\/uzaybaskul.com\/wp-content\/uploads\/2021\/03\/1_65390298_seles_t_28-150x150.jpg\" class=\"attachment-thumbnail size-thumbnail\" alt=\"\" loading=\"lazy\" srcset=\"http:\/\/uzaybaskul.com\/wp-content\/uploads\/2021\/03\/1_65390298_seles_t_28-150x150.jpg 150w, http:\/\/uzaybaskul.com\/wp-content\/uploads\/2021\/03\/1_65390298_seles_t_28-300x300.jpg 300w, http:\/\/uzaybaskul.com\/wp-content\/uploads\/2021\/03\/1_65390298_seles_t_28-100x100.jpg 100w, http:\/\/uzaybaskul.com\/wp-content\/uploads\/2021\/03\/1_65390298_seles_t_28-120x120.jpg 120w\" sizes=\"(max-width: 150px) 100vw, 150px\"><\/a>\n\t\t\t<\/div><\/figure>\n\t\t<\/div>\n\t\t<\/div>\n\t\t\t\t<\/div>\n\t\t\t\t<\/div>\n\t\t\t\t\t<\/div>\n\t\t<\/div>\n\t\t\t\t\t\t\t<\/div>\n\t\t<\/section><\/div>\n\t\t\t\t\t\t\t<\/div>\n\t\t<\/div>\n\t\t\t\t<\/div>\n\t\t\t\t<\/div>\n\t\t\t\t\t<\/div>\n\t\t<\/div>\n\t\t\t\t\t\t\t<\/div>\n\t\t<\/section>\n\t\t\t\t\t\t\t<\/div>\n\t\t","protected":false},"excerpt":{"rendered":"<p>Pantum P2500 Yaz\u0131c\u0131 Mono Lazer Yaz\u0131c\u0131 Pantum P2500 Yaz\u0131c\u0131 Mono Lazer Yaz\u0131c\u0131 (\u041e\u043f\u0446\u0438\u043e\u043d\u0430\u043b\u044c\u043d\u0430\u044f \u0432\u043e\u0437\u043c\u043e\u0436\u043d\u043e\u0441\u0442\u044c \u0437\u0430\u043f\u043e\u043b\u043d\u0435\u043d\u0438\u044f)\u0412 \u0441\u0442\u0430\u043d\u0434\u0430\u0440\u0442\u043d\u044b\u0439 \u043a\u043e\u043c\u043f\u043b\u0435\u043a\u0442 \u043f\u043e\u0441\u0442\u0430\u0432\u043a\u0438 \u0432\u0445\u043e\u0434\u0438\u0442 \u0441\u0442\u0430\u0440\u0442\u043e\u0432\u044b\u0439 \u0442\u043e\u043d\u0435\u0440-\u043a\u0430\u0440\u0442\u0440\u0438\u0434\u0436 \u043d\u0430 700 \u0441\u0442\u0440\u0430\u043d\u0438\u0446 \u0438 \u0441\u0442\u0430\u0440\u0442\u043e\u0432\u044b\u0439 \u0431\u043b\u043e\u043a \u0444\u043e\u0442\u043e\u0431\u0430\u0440\u0430\u0431\u0430\u043d\u0430 (\u043a\u043e\u043f\u0438-\u043a\u0430\u0440\u0442\u0440\u0438\u0434\u0436).\u0414\u043e\u043f\u043e\u043b\u043d\u0438\u0442\u0435\u043b\u044c\u043d\u044b\u0439 \u0442\u043e\u043d\u0435\u0440 \u0438 \u0447\u0438\u043f \u043f\u0440\u043e\u0434\u0430\u044e\u0442\u0441\u044f \u043e\u0442\u0434\u0435\u043b\u044c\u043d\u043e; \u043e\u043f\u0446\u0438\u044f \u0437\u0430\u043f\u0440\u0430\u0432\u043a\u0438 \u043e\u0440\u0438\u0433\u0438\u043d\u0430\u043b\u044c\u043d\u043e\u0433\u043e \u0442\u043e\u043d\u0435\u0440\u0430 pantum pa-200b \u0438\u043b\u0438 pa-200b\/v1.\u041c\u044b \u0440\u0435\u043a\u043e\u043c\u0435\u043d\u0434\u0443\u0435\u043c \u0438\u0441\u043f\u043e\u043b\u044c\u0437\u043e\u0432\u0430\u0442\u044c \u043e\u0440\u0438\u0433\u0438\u043d\u0430\u043b\u044c\u043d\u044b\u0435 \u043a\u0430\u0440\u0442\u0440\u0438\u0434\u0436\u0438 \u0441 \u0442\u043e\u043d\u0435\u0440\u043e\u043c \u0438 \u0447\u0438\u043f\u0430\u043c\u0438 PANTUM PA-200B \u0438\u043b\u0438 PA200B\/V1, \u0447\u0442\u043e\u0431\u044b [&hellip;]<\/p>\n","protected":false},"author":1,"featured_media":0,"parent":0,"menu_order":0,"comment_status":"closed","ping_status":"closed","template":"","meta":{"_monsterinsights_skip_tracking":false,"_monsterinsights_sitenote_active":false,"_monsterinsights_sitenote_note":"","_monsterinsights_sitenote_category":0,"_joinchat":[],"footnotes":""},"aioseo_notices":[],"_links":{"self":[{"href":"https:\/\/uzaybaskul.com\/ru\/wp-json\/wp\/v2\/pages\/6709"}],"collection":[{"href":"https:\/\/uzaybaskul.com\/ru\/wp-json\/wp\/v2\/pages"}],"about":[{"href":"https:\/\/uzaybaskul.com\/ru\/wp-json\/wp\/v2\/types\/page"}],"author":[{"embeddable":true,"href":"https:\/\/uzaybaskul.com\/ru\/wp-json\/wp\/v2\/users\/1"}],"replies":[{"embeddable":true,"href":"https:\/\/uzaybaskul.com\/ru\/wp-json\/wp\/v2\/comments?post=6709"}],"version-history":[{"count":29,"href":"https:\/\/uzaybaskul.com\/ru\/wp-json\/wp\/v2\/pages\/6709\/revisions"}],"predecessor-version":[{"id":10311,"href":"https:\/\/uzaybaskul.com\/ru\/wp-json\/wp\/v2\/pages\/6709\/revisions\/10311"}],"wp:attachment":[{"href":"https:\/\/uzaybaskul.com\/ru\/wp-json\/wp\/v2\/media?parent=6709"}],"curies":[{"name":"wp","href":"https:\/\/api.w.org\/{rel}","templated":true}]}}