{"id":6560,"date":"2021-03-26T23:22:21","date_gmt":"2021-03-26T23:22:21","guid":{"rendered":"http:\/\/www.akgun-elektrik.com.tr\/uzay\/?page_id=6560"},"modified":"2024-08-04T14:23:44","modified_gmt":"2024-08-04T14:23:44","slug":"%d0%bf%d1%80%d0%b8%d0%bd%d1%82%d0%b5%d1%80%d1%8b","status":"publish","type":"page","link":"https:\/\/uzaybaskul.com\/ru\/%d0%bf%d1%80%d0%b8%d0%bd%d1%82%d0%b5%d1%80%d1%8b\/","title":{"rendered":"\u041f\u0420\u0418\u041d\u0422\u0415\u0420\u042b"},"content":{"rendered":"\t\t<div data-elementor-type=\"wp-page\" data-elementor-id=\"6560\" class=\"elementor elementor-6560\">\n\t\t\t\t\t\t\t\t\t<section class=\"elementor-section elementor-top-section elementor-element elementor-element-ed52580 elementor-section-boxed elementor-section-height-default elementor-section-height-default\" data-id=\"ed52580\" data-element_type=\"section\">\n\t\t\t\t\t\t<div class=\"elementor-container elementor-column-gap-default\">\n\t\t\t\t\t<div class=\"elementor-column elementor-col-20 elementor-top-column elementor-element elementor-element-20e29f13\" data-id=\"20e29f13\" data-element_type=\"column\">\n\t\t\t<div class=\"elementor-widget-wrap elementor-element-populated\">\n\t\t\t\t\t\t\t\t<div class=\"elementor-element elementor-element-52c804e elementor-widget elementor-widget-sidebar\" data-id=\"52c804e\" data-element_type=\"widget\" data-widget_type=\"sidebar.default\">\n\t\t\t\t<div class=\"elementor-widget-container\">\n\t\t\tKategoriler\t\t\t<div class=\"textwidget\"><ul class=\"left-menu\" style=\"list-style-type: none; padding-left: 0;\">\n<li style=\"list-style-type: none;\"><a href=\"http:\/\/uzaybaskul.com\/sut-baskulleri\/\">S\u00fct Bask\u00fclleri<\/a><\/li>\n<li style=\"list-style-type: none;\"><a href=\"http:\/\/uzaybaskul.com\/hayvan-baskulleri\/\">Hayvan Bask\u00fclleri<\/a><\/li>\n<li style=\"list-style-type: none;\"><a href=\"http:\/\/uzaybaskul.com\/yazicilar\/\">Yaz\u0131c\u0131lar<\/a><\/li>\n<li style=\"list-style-type: none;\"><a href=\"http:\/\/uzaybaskul.com\/proses-gosterge-ve-kontrolorleri\/\">Proses G\u00f6sterge ve Kontrol\u00f6rleri<\/a><\/li>\n<li style=\"list-style-type: none;\"><a href=\"http:\/\/uzaybaskul.com\/tartim-terminalleri\/\">Tart\u0131m Terminalleri<\/a><\/li>\n<li style=\"list-style-type: none;\"><a href=\"http:\/\/uzaybaskul.com\/tartim-gostergeleri\/\">Tart\u0131m G\u00f6stergeleri<\/a><\/li>\n<li style=\"list-style-type: none;\"><a href=\"http:\/\/uzaybaskul.com\/yuk-hucreleri-2\/\">Y\u00fck H\u00fccreleri<\/a><\/li>\n<li style=\"list-style-type: none;\"><a href=\"http:\/\/uzaybaskul.com\/teraziler-2\/\">Teraziler<\/a><\/li>\n<li style=\"list-style-type: none;\"><a href=\"http:\/\/uzaybaskul.com\/vinc-kantarlari\/\">Vin\u00e7 Kantarlar\u0131<\/a><\/li>\n<li style=\"list-style-type: none;\"><a href=\"http:\/\/uzaybaskul.com\/tir\/\">T\u0131r Kantarlar\u0131<\/a><\/li>\n<\/ul>\n<\/div>\n\t\t\t\t<\/div>\n\t\t\t\t<\/div>\n\t\t\t\t\t<\/div>\n\t\t<\/div>\n\t\t\t\t<div class=\"elementor-column elementor-col-20 elementor-top-column elementor-element elementor-element-7e0549c3\" data-id=\"7e0549c3\" data-element_type=\"column\">\n\t\t\t<div class=\"elementor-widget-wrap elementor-element-populated\">\n\t\t\t\t\t\t\t\t<div class=\"elementor-element elementor-element-779b2fda elementor-position-top elementor-vertical-align-top elementor-widget elementor-widget-image-box\" data-id=\"779b2fda\" data-element_type=\"widget\" data-widget_type=\"image-box.default\">\n\t\t\t\t<div class=\"elementor-widget-container\">\n\t\t\t<div class=\"elementor-image-box-wrapper\"><figure class=\"elementor-image-box-img\"><a href=\"https:\/\/uzaybaskul.com\/ru\/densi-dp-101\/\"><img loading=\"lazy\" decoding=\"async\" width=\"1500\" height=\"1500\" src=\"https:\/\/uzaybaskul.com\/ru\/wp-content\/uploads\/2021\/03\/1_39001138_beyza_kasa.png\" class=\"attachment-full size-full\" alt=\"\" \/><\/a><\/figure><div class=\"elementor-image-box-content\"><h4 class=\"elementor-image-box-title\"><a href=\"https:\/\/uzaybaskul.com\/ru\/densi-dp-101\/\">Densi DP-101<\/a><\/h4><\/div><\/div>\t\t<\/div>\n\t\t\t\t<\/div>\n\t\t\t\t<div class=\"elementor-element elementor-element-7f32e955 elementor-position-top elementor-vertical-align-top elementor-widget elementor-widget-image-box\" data-id=\"7f32e955\" data-element_type=\"widget\" data-widget_type=\"image-box.default\">\n\t\t\t\t<div class=\"elementor-widget-container\">\n\t\t\t<div class=\"elementor-image-box-wrapper\"><figure class=\"elementor-image-box-img\"><a href=\"https:\/\/uzaybaskul.com\/ru\/densi-dp-301\/\"><img loading=\"lazy\" decoding=\"async\" width=\"1500\" height=\"1500\" src=\"https:\/\/uzaybaskul.com\/ru\/wp-content\/uploads\/2021\/03\/1_31408212_siyah_kasa.png\" class=\"attachment-full size-full\" alt=\"\" \/><\/a><\/figure><div class=\"elementor-image-box-content\"><h4 class=\"elementor-image-box-title\"><a href=\"https:\/\/uzaybaskul.com\/ru\/densi-dp-301\/\">Densi DP-301<\/a><\/h4><\/div><\/div>\t\t<\/div>\n\t\t\t\t<\/div>\n\t\t\t\t\t<\/div>\n\t\t<\/div>\n\t\t\t\t<div class=\"elementor-column elementor-col-20 elementor-top-column elementor-element elementor-element-1e10b1e\" data-id=\"1e10b1e\" data-element_type=\"column\">\n\t\t\t<div class=\"elementor-widget-wrap elementor-element-populated\">\n\t\t\t\t\t\t\t\t<div class=\"elementor-element elementor-element-d3f2630 elementor-position-top elementor-vertical-align-top elementor-widget elementor-widget-image-box\" data-id=\"d3f2630\" data-element_type=\"widget\" data-widget_type=\"image-box.default\">\n\t\t\t\t<div class=\"elementor-widget-container\">\n\t\t\t<div class=\"elementor-image-box-wrapper\"><figure class=\"elementor-image-box-img\"><a href=\"http:\/\/uzaybaskul.com\/ru\/baykon-by3s\/\"><img loading=\"lazy\" decoding=\"async\" width=\"563\" height=\"563\" src=\"https:\/\/uzaybaskul.com\/ru\/wp-content\/uploads\/2021\/03\/1_17461069_by3s1.jpg\" class=\"attachment-full size-full\" alt=\"\" \/><\/a><\/figure><div class=\"elementor-image-box-content\"><h4 class=\"elementor-image-box-title\"><a href=\"http:\/\/uzaybaskul.com\/ru\/baykon-by3s\/\">Baykon BY3S<\/a><\/h4><\/div><\/div>\t\t<\/div>\n\t\t\t\t<\/div>\n\t\t\t\t<div class=\"elementor-element elementor-element-62383b04 elementor-position-top elementor-vertical-align-top elementor-widget elementor-widget-image-box\" data-id=\"62383b04\" data-element_type=\"widget\" data-widget_type=\"image-box.default\">\n\t\t\t\t<div class=\"elementor-widget-container\">\n\t\t\t<div class=\"elementor-image-box-wrapper\"><figure class=\"elementor-image-box-img\"><a href=\"https:\/\/uzaybaskul.com\/ru\/jolimark-dp-321\/\"><img loading=\"lazy\" decoding=\"async\" width=\"650\" height=\"500\" src=\"https:\/\/uzaybaskul.com\/ru\/wp-content\/uploads\/2021\/03\/1_77624948_jolimark_dp321.jpg\" class=\"attachment-full size-full\" alt=\"\" \/><\/a><\/figure><div class=\"elementor-image-box-content\"><h4 class=\"elementor-image-box-title\"><a href=\"https:\/\/uzaybaskul.com\/ru\/jolimark-dp-321\/\">Jolimark DP 321<\/a><\/h4><\/div><\/div>\t\t<\/div>\n\t\t\t\t<\/div>\n\t\t\t\t\t<\/div>\n\t\t<\/div>\n\t\t\t\t<div class=\"elementor-column elementor-col-20 elementor-top-column elementor-element elementor-element-26c1d778\" data-id=\"26c1d778\" data-element_type=\"column\">\n\t\t\t<div class=\"elementor-widget-wrap elementor-element-populated\">\n\t\t\t\t\t\t\t\t<div class=\"elementor-element elementor-element-1c740c00 elementor-position-top elementor-vertical-align-top elementor-widget elementor-widget-image-box\" data-id=\"1c740c00\" data-element_type=\"widget\" data-widget_type=\"image-box.default\">\n\t\t\t\t<div class=\"elementor-widget-container\">\n\t\t\t<div class=\"elementor-image-box-wrapper\"><figure class=\"elementor-image-box-img\"><a href=\"https:\/\/uzaybaskul.com\/ru\/epson-lx-350\/\"><img loading=\"lazy\" decoding=\"async\" width=\"402\" height=\"310\" src=\"https:\/\/uzaybaskul.com\/ru\/wp-content\/uploads\/2021\/03\/1_12234323_epson_lx350.png\" class=\"attachment-full size-full\" alt=\"\" \/><\/a><\/figure><div class=\"elementor-image-box-content\"><h4 class=\"elementor-image-box-title\"><a href=\"https:\/\/uzaybaskul.com\/ru\/epson-lx-350\/\">Epson LX-350<\/a><\/h4><\/div><\/div>\t\t<\/div>\n\t\t\t\t<\/div>\n\t\t\t\t\t<\/div>\n\t\t<\/div>\n\t\t\t\t<div class=\"elementor-column elementor-col-20 elementor-top-column elementor-element elementor-element-100434f5\" data-id=\"100434f5\" data-element_type=\"column\">\n\t\t\t<div class=\"elementor-widget-wrap elementor-element-populated\">\n\t\t\t\t\t\t\t\t<div class=\"elementor-element elementor-element-6fee1438 elementor-position-top elementor-vertical-align-top elementor-widget elementor-widget-image-box\" data-id=\"6fee1438\" data-element_type=\"widget\" data-widget_type=\"image-box.default\">\n\t\t\t\t<div class=\"elementor-widget-container\">\n\t\t\t<div class=\"elementor-image-box-wrapper\"><figure class=\"elementor-image-box-img\"><a href=\"https:\/\/uzaybaskul.com\/ru\/pantum-p2500-\u043f\u0440\u0438\u043d\u0442\u0435\u0440-\u043c\u043e\u043d\u043e-\u043b\u0430\u0437\u0435\u0440\u043d\u044b\u0439-\u043f\u0440\u0438\u043d\u0442\u0435\u0440\/\"><img loading=\"lazy\" decoding=\"async\" width=\"500\" height=\"500\" src=\"https:\/\/uzaybaskul.com\/ru\/wp-content\/uploads\/2021\/03\/1_74440286_pantum_p25001.jpg\" class=\"attachment-full size-full\" alt=\"\" \/><\/a><\/figure><div class=\"elementor-image-box-content\"><h4 class=\"elementor-image-box-title\"><a href=\"https:\/\/uzaybaskul.com\/ru\/pantum-p2500-\u043f\u0440\u0438\u043d\u0442\u0435\u0440-\u043c\u043e\u043d\u043e-\u043b\u0430\u0437\u0435\u0440\u043d\u044b\u0439-\u043f\u0440\u0438\u043d\u0442\u0435\u0440\/\">Pantum P2500 Yaz\u0131c\u0131 Mono Lazer Yaz\u0131c\u0131<\/a><\/h4><\/div><\/div>\t\t<\/div>\n\t\t\t\t<\/div>\n\t\t\t\t\t<\/div>\n\t\t<\/div>\n\t\t\t\t\t\t\t<\/div>\n\t\t<\/section>\n\t\t\t\t\t\t\t<\/div>\n\t\t","protected":false},"excerpt":{"rendered":"<p>Densi DP-101 Densi DP-301 Baykon BY3S Jolimark DP 321 Epson LX-350 Pantum P2500 Yaz\u0131c\u0131 Mono Lazer Yaz\u0131c\u0131<\/p>\n","protected":false},"author":1,"featured_media":0,"parent":0,"menu_order":0,"comment_status":"closed","ping_status":"closed","template":"","meta":{"_monsterinsights_skip_tracking":false,"_monsterinsights_sitenote_active":false,"_monsterinsights_sitenote_note":"","_monsterinsights_sitenote_category":0,"_joinchat":[],"footnotes":""},"aioseo_notices":[],"_links":{"self":[{"href":"https:\/\/uzaybaskul.com\/ru\/wp-json\/wp\/v2\/pages\/6560"}],"collection":[{"href":"https:\/\/uzaybaskul.com\/ru\/wp-json\/wp\/v2\/pages"}],"about":[{"href":"https:\/\/uzaybaskul.com\/ru\/wp-json\/wp\/v2\/types\/page"}],"author":[{"embeddable":true,"href":"https:\/\/uzaybaskul.com\/ru\/wp-json\/wp\/v2\/users\/1"}],"replies":[{"embeddable":true,"href":"https:\/\/uzaybaskul.com\/ru\/wp-json\/wp\/v2\/comments?post=6560"}],"version-history":[{"count":20,"href":"https:\/\/uzaybaskul.com\/ru\/wp-json\/wp\/v2\/pages\/6560\/revisions"}],"predecessor-version":[{"id":10354,"href":"https:\/\/uzaybaskul.com\/ru\/wp-json\/wp\/v2\/pages\/6560\/revisions\/10354"}],"wp:attachment":[{"href":"https:\/\/uzaybaskul.com\/ru\/wp-json\/wp\/v2\/media?parent=6560"}],"curies":[{"name":"wp","href":"https:\/\/api.w.org\/{rel}","templated":true}]}}