{"id":1197,"date":"2020-05-21T15:51:09","date_gmt":"2020-05-21T15:51:09","guid":{"rendered":"http:\/\/architek.peacefulthemes.com\/?page_id=1197"},"modified":"2024-08-01T12:54:27","modified_gmt":"2024-08-01T12:54:27","slug":"%d0%b1%d0%bb%d0%be%d0%b3","status":"publish","type":"page","link":"https:\/\/uzaybaskul.com\/ru\/%d0%b1%d0%bb%d0%be%d0%b3\/","title":{"rendered":"\u0431\u043b\u043e\u0433"},"content":{"rendered":"\t\t<div data-elementor-type=\"wp-page\" data-elementor-id=\"1197\" class=\"elementor elementor-1197\">\n\t\t\t\t\t\t\t\t\t<div class=\"elementor-section elementor-top-section elementor-element elementor-element-b7382a2 elementor-section-stretched elementor-section-boxed elementor-section-height-default elementor-section-height-default\" data-id=\"b7382a2\" data-element_type=\"section\" data-settings=\"{&quot;stretch_section&quot;:&quot;section-stretched&quot;}\">\n\t\t\t\t\t\t<div class=\"elementor-container elementor-column-gap-default\">\n\t\t\t\t\t<div class=\"elementor-column elementor-col-100 elementor-top-column elementor-element elementor-element-a811012\" data-id=\"a811012\" data-element_type=\"column\">\n\t\t\t<div class=\"elementor-widget-wrap elementor-element-populated\">\n\t\t\t\t\t\t\t\t<div class=\"elementor-section elementor-inner-section elementor-element elementor-element-df38f6c elementor-section-boxed elementor-section-height-default elementor-section-height-default\" data-id=\"df38f6c\" data-element_type=\"section\">\n\t\t\t\t\t\t<div class=\"elementor-container elementor-column-gap-default\">\n\t\t\t\t\t<div class=\"elementor-column elementor-col-66 elementor-inner-column elementor-element elementor-element-e3e31d8\" data-id=\"e3e31d8\" data-element_type=\"column\">\n\t\t\t<div class=\"elementor-widget-wrap elementor-element-populated\">\n\t\t\t\t\t\t\t\t<div class=\"elementor-element elementor-element-66f4cd2 elementor-widget elementor-widget-blog\" data-id=\"66f4cd2\" data-element_type=\"widget\" data-widget_type=\"blog.default\">\n\t\t\t\t<div class=\"elementor-widget-container\">\n\t\t\t<div class=\"pt-blog pt-blog-col-1\">\r\n  <div class=\"row\">   \r\n    \r\n        <div class=\"col-lg-12\">\r\n     <div class=\"pt-blog-post\">\r\n    <div class=\"pt-post-media\">\r\n      <img loading=\"lazy\" decoding=\"async\" width=\"800\" height=\"600\" src=\"https:\/\/uzaybaskul.com\/ru\/wp-content\/uploads\/2022\/01\/expo.png\" class=\"attachment-post-thumbnail size-post-thumbnail wp-post-image\" alt=\"\" srcset=\"https:\/\/uzaybaskul.com\/ru\/wp-content\/uploads\/2022\/01\/expo.png 800w, https:\/\/uzaybaskul.com\/ru\/wp-content\/uploads\/2022\/01\/expo-300x225.png 300w, https:\/\/uzaybaskul.com\/ru\/wp-content\/uploads\/2022\/01\/expo-768x576.png 768w\" sizes=\"(max-width: 800px) 100vw, 800px\" \/>        \r\n          <\/div>\r\n    <div class=\"pt-blog-contain\">\r\n          <div class=\"pt-post-meta\">\r\n      <ul>        \r\n       <li class=\"pt-post-author\"><i class=\"fa fa-user\"><\/i>admin<\/li>\r\n        <li class=\"pt-post-meta\"><a href=\"https:\/\/uzaybaskul.com\/ru\/2022\/01\/26\/\"><i class=\"fa fa-calendar\"><\/i>\u042f\u043d\u0432\u0430\u0440\u044c 2022<\/a>\r\n        <\/li>\r\n        <li class=\"pt-post-tag\">\r\n                      <a href=\"https:\/\/uzaybaskul.com\/ru\/category\/biz\/\"><i class=\"fa fa-tag\"><\/i>\u041c\u044b<\/a>\r\n             \r\n        <\/li>\r\n       \r\n      <\/ul>\r\n    <\/div>\r\n      \r\n      <h5 class=\"pt-blog-title\"><a href=\"https:\/\/uzaybaskul.com\/ru\/agroexpo-17-uluslararasi-tarim-ve-hayvancilik-fuarindayiz\/\">\u041c\u044b \u043d\u0430 17 \u2013 \u043e\u0439 \u041c\u0435\u0436\u0434\u0443\u043d\u0430\u0440\u043e\u0434\u043d\u043e\u0439 \u0432\u044b\u0441\u0442\u0430\u0432\u043a\u0435 \u0441\u0435\u043b\u044c\u0441\u043a\u043e\u0433\u043e \u0445\u043e\u0437\u044f\u0439\u0441\u0442\u0432\u0430 \u0438 \u0436\u0438\u0432\u043e\u0442\u043d\u043e\u0432\u043e\u0434\u0441\u0442\u0432\u0430 \u00ab\u0410\u0433\u0440\u043e\u042d\u043a\u0441\u043f\u043e\u00bb<\/a><\/h5>\r\n     \r\n     \r\n          <p>\u041c\u044b \u043d\u0430 17 \u2013 \u043e\u0439 \u041c\u0435\u0436\u0434\u0443\u043d\u0430\u0440\u043e\u0434\u043d\u043e\u0439 \u0432\u044b\u0441\u0442\u0430\u0432\u043a\u0435 \u0441\u0435\u043b\u044c\u0441\u043a\u043e\u0433\u043e \u0445\u043e\u0437\u044f\u0439\u0441\u0442\u0432\u0430 \u0438 \u0436\u0438\u0432\u043e\u0442\u043d\u043e\u0432\u043e\u0434\u0441\u0442\u0432\u0430 \u00ab\u0410\u0433\u0440\u043e\u042d\u043a\u0441\u043f\u043e\u00bb \u0414\u0430\u0442\u0430: 02 \u2013 06 \u0444\u0435\u0432\u0440\u0430\u043b\u044f 2022 \u0433. \u041c\u0435\u0441\u0442\u043e: \u042f\u0440\u043c\u0430\u0440\u043a\u0430 \u0418\u0437\u043c\u0438\u0440 \u041c\u044b \u043f\u0440\u0438\u0432\u0435\u0442\u0441\u0442\u0432\u0443\u0435\u043c \u043d\u0430\u0448\u0438\u0445 \u0434\u043e\u0440\u043e\u0433\u0438\u0445 \u0433\u043e\u0441\u0442\u0435\u0439 \u043d\u0430 \u043d\u0430\u0448\u0435\u043c \u0441\u0442\u0435\u043d\u0434\u0435. \u0412 2022 \u0433\u043e\u0434\u0443 \u043c\u0438\u0440\u043e\u0432\u043e\u0435 \u0441\u0435\u043b\u044c\u0441\u043a\u043e\u0435 \u0445\u043e\u0437\u044f\u0439\u0441\u0442\u0432\u043e \u0432\u043d\u043e\u0432\u044c \u0432\u0441\u0442\u0440\u0435\u0442\u0438\u0442\u044c\u0441\u044f \u043d\u0430 \u00ab\u0410\u0433\u0440\u043e\u044d\u043a\u0441\u043f\u043e\u00bb \u0432 17 \u2013 \u0439 \u0440\u0430\u0437 AGROEXPO \u0433\u043e\u0442\u043e\u0432\u0438\u0442\u0441\u044f \u043e\u0431\u044a\u0435\u0434\u0438\u043d\u0438\u0442\u044c \u0442\u0443\u0440\u0435\u0446\u043a\u043e\u0435 \u0441\u0435\u043b\u044c\u0441\u043a\u043e\u0435 \u0445\u043e\u0437\u044f\u0439\u0441\u0442\u0432\u043e \u0441 \u043c\u0438\u0440\u043e\u0432\u044b\u043c \u0441\u0435\u043b\u044c\u0441\u043a\u0438\u043c \u0445\u043e\u0437\u044f\u0439\u0441\u0442\u0432\u043e\u043c [&hellip;]<\/p>\n \r\n            <div class=\"pt-btn-container\">\r\n        <a href=\"https:\/\/uzaybaskul.com\/ru\/agroexpo-17-uluslararasi-tarim-ve-hayvancilik-fuarindayiz\/\" class=\"pt-button\" >\r\n          <div class=\"pt-button-block\">\r\n            <span class=\"pt-button-line-left\"><\/span>\r\n            <span  class=\"pt-button-text\">\u0427\u0438\u0442\u0430\u0442\u044c \u0434\u0430\u043b\u0435\u0435<\/span>\r\n            <span class=\"pt-button-line-right\"><\/span>\r\n            <i class=\"ion ion-android-arrow-dropright pt-btn-icon\"><\/i>          <\/div>  \r\n      <\/a>\r\n    <\/div>\r\n    <\/div>\r\n<\/div>\r\n    <\/div>\r\n    \r\n        <div class=\"col-lg-12\">\r\n     <div class=\"pt-blog-post\">\r\n    <div class=\"pt-post-media\">\r\n      <img loading=\"lazy\" decoding=\"async\" width=\"1350\" height=\"900\" src=\"https:\/\/uzaybaskul.com\/ru\/wp-content\/uploads\/2021\/06\/youtube-uzay.jpg\" class=\"attachment-post-thumbnail size-post-thumbnail wp-post-image\" alt=\"\" srcset=\"https:\/\/uzaybaskul.com\/ru\/wp-content\/uploads\/2021\/06\/youtube-uzay.jpg 1350w, https:\/\/uzaybaskul.com\/ru\/wp-content\/uploads\/2021\/06\/youtube-uzay-300x200.jpg 300w, https:\/\/uzaybaskul.com\/ru\/wp-content\/uploads\/2021\/06\/youtube-uzay-1024x683.jpg 1024w, https:\/\/uzaybaskul.com\/ru\/wp-content\/uploads\/2021\/06\/youtube-uzay-768x512.jpg 768w\" sizes=\"(max-width: 1350px) 100vw, 1350px\" \/>        \r\n          <\/div>\r\n    <div class=\"pt-blog-contain\">\r\n          <div class=\"pt-post-meta\">\r\n      <ul>        \r\n       <li class=\"pt-post-author\"><i class=\"fa fa-user\"><\/i>admin<\/li>\r\n        <li class=\"pt-post-meta\"><a href=\"https:\/\/uzaybaskul.com\/ru\/2021\/06\/26\/\"><i class=\"fa fa-calendar\"><\/i>\u0418\u044e\u043d\u044c 2021<\/a>\r\n        <\/li>\r\n        <li class=\"pt-post-tag\">\r\n                      <a href=\"https:\/\/uzaybaskul.com\/ru\/category\/biz\/\"><i class=\"fa fa-tag\"><\/i>\u041c\u044b<\/a>\r\n             \r\n        <\/li>\r\n       \r\n      <\/ul>\r\n    <\/div>\r\n      \r\n      <h5 class=\"pt-blog-title\"><a href=\"https:\/\/uzaybaskul.com\/ru\/youtube-kanalimizdan-bizi-takip-etmeyi-unutmayin\/\">\u041d\u0435 \u0437\u0430\u0431\u0443\u0434\u044c\u0442\u0435 \u043f\u043e\u0434\u043f\u0438\u0441\u0430\u0442\u044c\u0441\u044f \u043d\u0430 \u043d\u0430\u0441 \u043d\u0430 \u043d\u0430\u0448\u0435\u043c \u043a\u0430\u043d\u0430\u043b\u0435 Youtube!<\/a><\/h5>\r\n     \r\n     \r\n          <p>Hidrolik s\u0131k\u0131\u015ft\u0131rmal\u0131, manuel s\u0131k\u0131\u015ft\u0131rmal\u0131 ve daha fazla hayvan bask\u00fcl\u00fcm\u00fcz hakk\u0131nda bilgi alabilece\u011finiz kanal\u0131m\u0131z yay\u0131nda.<\/p>\n \r\n            <div class=\"pt-btn-container\">\r\n        <a href=\"https:\/\/uzaybaskul.com\/ru\/youtube-kanalimizdan-bizi-takip-etmeyi-unutmayin\/\" class=\"pt-button\" >\r\n          <div class=\"pt-button-block\">\r\n            <span class=\"pt-button-line-left\"><\/span>\r\n            <span  class=\"pt-button-text\">\u0427\u0438\u0442\u0430\u0442\u044c \u0434\u0430\u043b\u0435\u0435<\/span>\r\n            <span class=\"pt-button-line-right\"><\/span>\r\n            <i class=\"ion ion-android-arrow-dropright pt-btn-icon\"><\/i>          <\/div>  \r\n      <\/a>\r\n    <\/div>\r\n    <\/div>\r\n<\/div>\r\n    <\/div>\r\n    \r\n        <div class=\"col-lg-12\">\r\n     <div class=\"pt-blog-post\">\r\n    <div class=\"pt-post-media\">\r\n      <img loading=\"lazy\" decoding=\"async\" width=\"1350\" height=\"900\" src=\"https:\/\/uzaybaskul.com\/ru\/wp-content\/uploads\/2021\/06\/fuarr.jpg\" class=\"attachment-post-thumbnail size-post-thumbnail wp-post-image\" alt=\"\" srcset=\"https:\/\/uzaybaskul.com\/ru\/wp-content\/uploads\/2021\/06\/fuarr.jpg 1350w, https:\/\/uzaybaskul.com\/ru\/wp-content\/uploads\/2021\/06\/fuarr-300x200.jpg 300w, https:\/\/uzaybaskul.com\/ru\/wp-content\/uploads\/2021\/06\/fuarr-1024x683.jpg 1024w, https:\/\/uzaybaskul.com\/ru\/wp-content\/uploads\/2021\/06\/fuarr-768x512.jpg 768w\" sizes=\"(max-width: 1350px) 100vw, 1350px\" \/>        \r\n          <\/div>\r\n    <div class=\"pt-blog-contain\">\r\n          <div class=\"pt-post-meta\">\r\n      <ul>        \r\n       <li class=\"pt-post-author\"><i class=\"fa fa-user\"><\/i>admin<\/li>\r\n        <li class=\"pt-post-meta\"><a href=\"https:\/\/uzaybaskul.com\/ru\/2021\/06\/21\/\"><i class=\"fa fa-calendar\"><\/i>\u0418\u044e\u043d\u044c 2021<\/a>\r\n        <\/li>\r\n        <li class=\"pt-post-tag\">\r\n                      <a href=\"https:\/\/uzaybaskul.com\/ru\/category\/biz\/\"><i class=\"fa fa-tag\"><\/i>\u041c\u044b<\/a>\r\n             \r\n        <\/li>\r\n       \r\n      <\/ul>\r\n    <\/div>\r\n      \r\n      <h5 class=\"pt-blog-title\"><a href=\"https:\/\/uzaybaskul.com\/ru\/agroexpo-16-uluslararasi-tarim-ve-hayvancilik-fuarindayiz\/\">\u041c\u044b \u043d\u0430 16  &#8212; \u0439 \u041c\u0435\u0436\u0434\u0443\u043d\u0430\u0440\u043e\u0434\u043d\u043e\u0439 \u0432\u044b\u0441\u0442\u0430\u0432\u043a\u0435 \u0441\u0435\u043b\u044c\u0441\u043a\u043e\u0433\u043e \u0445\u043e\u0437\u0437\u044f\u0439\u0441\u0442\u0432\u0430 \u0438 \u0436\u0438\u0432\u043e\u0442\u043d\u043e\u0432\u043e\u0434\u0441\u0442\u0432\u0430 \u00ab\u0410\u0433\u0440\u043e\u042d\u043a\u0441\u043f\u043e\u00bb<\/a><\/h5>\r\n     \r\n     \r\n          <p>2021 y\u0131l\u0131nda yine T\u00fcrkiye\u2019nin en b\u00fcy\u00fck fuar alan\u0131 olan Fuar \u0130zmir\u2019de 110 bin metrekarelik kapal\u0131 alan i\u00e7erisinde 12 hol\u00fcn tamam\u0131nda d\u00fczenlenecek olan Agroexpo Uluslararas\u0131 Tar\u0131m ve Hayvanc\u0131l\u0131k Fuar\u0131; 16. y\u0131l\u0131nda yurtd\u0131\u015f\u0131ndan \u00f6nemli \u00fcreticiler, tar\u0131m ve hayvanc\u0131l\u0131k firmalar\u0131, yerli ve yabanc\u0131 trakt\u00f6r \u00fcreticileri ba\u015fta olmak \u00fczere t\u00fcm sekt\u00f6r temsilcilerini ve \u00e7ift\u00e7ilerimizi Ege\u2019nin incisi \u0130zmir\u2019de a\u011f\u0131rlayacak.<\/p>\n \r\n            <div class=\"pt-btn-container\">\r\n        <a href=\"https:\/\/uzaybaskul.com\/ru\/agroexpo-16-uluslararasi-tarim-ve-hayvancilik-fuarindayiz\/\" class=\"pt-button\" >\r\n          <div class=\"pt-button-block\">\r\n            <span class=\"pt-button-line-left\"><\/span>\r\n            <span  class=\"pt-button-text\">\u0427\u0438\u0442\u0430\u0442\u044c \u0434\u0430\u043b\u0435\u0435<\/span>\r\n            <span class=\"pt-button-line-right\"><\/span>\r\n            <i class=\"ion ion-android-arrow-dropright pt-btn-icon\"><\/i>          <\/div>  \r\n      <\/a>\r\n    <\/div>\r\n    <\/div>\r\n<\/div>\r\n    <\/div>\r\n    \r\n        <div class=\"col-lg-12\">\r\n     <div class=\"pt-blog-post\">\r\n    <div class=\"pt-post-media\">\r\n      <img loading=\"lazy\" decoding=\"async\" width=\"1350\" height=\"900\" src=\"https:\/\/uzaybaskul.com\/ru\/wp-content\/uploads\/2021\/06\/tir-kantari-2.jpg\" class=\"attachment-post-thumbnail size-post-thumbnail wp-post-image\" alt=\"\" srcset=\"https:\/\/uzaybaskul.com\/ru\/wp-content\/uploads\/2021\/06\/tir-kantari-2.jpg 1350w, https:\/\/uzaybaskul.com\/ru\/wp-content\/uploads\/2021\/06\/tir-kantari-2-300x200.jpg 300w, https:\/\/uzaybaskul.com\/ru\/wp-content\/uploads\/2021\/06\/tir-kantari-2-1024x683.jpg 1024w, https:\/\/uzaybaskul.com\/ru\/wp-content\/uploads\/2021\/06\/tir-kantari-2-768x512.jpg 768w\" sizes=\"(max-width: 1350px) 100vw, 1350px\" \/>        \r\n          <\/div>\r\n    <div class=\"pt-blog-contain\">\r\n          <div class=\"pt-post-meta\">\r\n      <ul>        \r\n       <li class=\"pt-post-author\"><i class=\"fa fa-user\"><\/i>admin<\/li>\r\n        <li class=\"pt-post-meta\"><a href=\"https:\/\/uzaybaskul.com\/ru\/2021\/06\/05\/\"><i class=\"fa fa-calendar\"><\/i>\u0418\u044e\u043d\u044c 2021<\/a>\r\n        <\/li>\r\n        <li class=\"pt-post-tag\">\r\n                      <a href=\"https:\/\/uzaybaskul.com\/ru\/category\/biz\/\"><i class=\"fa fa-tag\"><\/i>\u041c\u044b<\/a>\r\n             \r\n        <\/li>\r\n       \r\n      <\/ul>\r\n    <\/div>\r\n      \r\n      <h5 class=\"pt-blog-title\"><a href=\"https:\/\/uzaybaskul.com\/ru\/periyodik-muayene-ve-damgalama\/\">\u041f\u0435\u0440\u0438\u043e\u0434\u0438\u0447\u0435\u0441\u043a\u0430\u044f \u043f\u0440\u043e\u0432\u0435\u0440\u043a\u0430 \u0438 \u0448\u0442\u0430\u043c\u043f\u043e\u0432\u043a\u0430<\/a><\/h5>\r\n     \r\n     \r\n          <p>\u041d\u0435\u0430\u0432\u0442\u043e\u043c\u0430\u0442\u0438\u0447\u0435\u0441\u043a\u0438\u0435 \u0432\u0435\u0441\u044b, \u0438\u0441\u043f\u043e\u043b\u044c\u0437\u0443\u0435\u043c\u044b\u0435 \u0432 \u043a\u043e\u043c\u043c\u0435\u0440\u0447\u0435\u0441\u043a\u043e\u0439 \u0434\u0435\u044f\u0442\u0435\u043b\u044c\u043d\u043e\u0441\u0442\u0438 \u0432 \u0441\u0444\u0435\u0440\u0435 \u0437\u0430\u043a\u043e\u043d\u043e\u0434\u0430\u0442\u0435\u043b\u044c\u043d\u043e\u0439 \u043c\u0435\u0442\u0440\u043e\u043b\u043e\u0433\u0438\u0438, \u043f\u043e\u0434\u043b\u0435\u0436\u0430\u0442 \u043f\u0435\u0440\u0438\u043e\u0434\u0438\u0447\u0435\u0441\u043a\u043e\u0439 \u043f\u0440\u043e\u0432\u0435\u0440\u043a\u0435 \u043a\u0430\u0436\u0434\u044b\u0435 2 \u0433\u043e\u0434\u0430, \u043d\u0430\u0447\u0438\u043d\u0430\u044f \u0441 \u0433\u043e\u0434\u0430 \u0438\u0437\u0433\u043e\u0442\u043e\u0432\u043b\u0435\u043d\u0438\u044f \u0438\u043b\u0438 \u043f\u043e\u0441\u043b\u0435\u0434\u043d\u0435\u0439 \u0448\u0442\u0430\u043c\u043f\u043e\u0432\u043a\u0438. \u041f\u043e\u043b\u044c\u0437\u043e\u0432\u0430\u0442\u0435\u043b\u044c \u043d\u0435\u0441\u0435\u0442 \u043e\u0442\u0432\u0435\u0442\u0441\u0442\u0432\u0435\u043d\u043d\u043e\u0441\u0442\u044c \u0437\u0430 \u043f\u0435\u0440\u0438\u043e\u0434\u0438\u0447\u0435\u0441\u043a\u0443\u044e \u043f\u0440\u043e\u0432\u0435\u0440\u043a\u0443 \u0432\u0435\u0441\u043e\u0432\u043e\u0433\u043e \u0443\u0441\u0442\u0440\u043e\u0439\u0441\u0442\u0432\u0430. \u041f\u0440\u0438 \u0440\u0430\u0441\u0447\u0435\u0442\u0435 \u043f\u0435\u0440\u0438\u043e\u0434\u0430 \u043f\u0435\u0440\u0438\u043e\u0434\u0438\u0447\u0435\u0441\u043a\u043e\u0439 \u043f\u0440\u043e\u0432\u0435\u0440\u043a\u0438 \u0437\u0430 \u043e\u0441\u043d\u043e\u0432\u0443 \u043f\u0440\u0438\u043d\u0438\u043c\u0430\u0435\u0442\u0441\u044f \u0433\u043e\u0434 \u043c\u0430\u0440\u043a\u0438\u0440\u043e\u0432\u043a\u0438 \u0432\u0435\u0441\u043e\u0432, \u0430 \u0433\u043e\u0434 \u043c\u0430\u0440\u043a\u0438\u0440\u043e\u0432\u043a\u0438 \u0432\u0435\u0441\u043e\u0432 \u0441\u0447\u0438\u0442\u0430\u0435\u0442\u0441\u044f \u043f\u0435\u0440\u0432\u044b\u043c \u0433\u043e\u0434\u043e\u043c, \u043d\u0435\u0437\u0430\u0432\u0438\u0441\u0438\u043c\u043e \u043e\u0442 \u0434\u0430\u0442\u044b \u043c\u0430\u0440\u043a\u0438\u0440\u043e\u0432\u043a\u0438 \u0432\u0435\u0441\u043e\u0432 \u0432\u00a0\u0442\u0435\u0447\u0435\u043d\u0438\u0435\u00a0\u0433\u043e\u0434\u0430.<\/p>\n \r\n            <div class=\"pt-btn-container\">\r\n        <a href=\"https:\/\/uzaybaskul.com\/ru\/periyodik-muayene-ve-damgalama\/\" class=\"pt-button\" >\r\n          <div class=\"pt-button-block\">\r\n            <span class=\"pt-button-line-left\"><\/span>\r\n            <span  class=\"pt-button-text\">\u0427\u0438\u0442\u0430\u0442\u044c \u0434\u0430\u043b\u0435\u0435<\/span>\r\n            <span class=\"pt-button-line-right\"><\/span>\r\n            <i class=\"ion ion-android-arrow-dropright pt-btn-icon\"><\/i>          <\/div>  \r\n      <\/a>\r\n    <\/div>\r\n    <\/div>\r\n<\/div>\r\n    <\/div>\r\n    \r\n      <\/div>\r\n<\/div>\r\n\t\t<\/div>\n\t\t\t\t<\/div>\n\t\t\t\t\t<\/div>\n\t\t<\/div>\n\t\t\t\t<div class=\"elementor-column elementor-col-33 elementor-inner-column elementor-element elementor-element-a2fb9b4\" data-id=\"a2fb9b4\" data-element_type=\"column\">\n\t\t\t<div class=\"elementor-widget-wrap elementor-element-populated\">\n\t\t\t\t\t\t\t\t<div class=\"elementor-element elementor-element-8bf70ed elementor-widget elementor-widget-sidebar\" data-id=\"8bf70ed\" data-element_type=\"widget\" data-widget_type=\"sidebar.default\">\n\t\t\t\t<div class=\"elementor-widget-container\">\n\t\t\t<div id=\"search-2\" class=\"widget widget_search\">\r\n<form role=\"search\" method=\"get\" class=\"search-form\" action=\"https:\/\/uzaybaskul.com\/ru\/\">\r\n\t<label>\r\n\t\t<span class=\"screen-reader-text\">Search for:<\/span>\r\n\t\t<input type=\"search\" class=\"search-field\" placeholder=\"Search &hellip;\" value=\"\" name=\"s\" \/>\r\n\t<\/label>\r\n\t<button type=\"submit\" class=\"search-submit\"><span class=\"screen-reader-text\">Search<\/span><\/button>\r\n<\/form>\r\n<\/div>\n\t\t<div id=\"recent-posts-2\" class=\"widget widget_recent_entries\">\n\t\t<h2 class=\"widget-title\">\u0421\u0432\u0435\u0436\u0438\u0435 \u0437\u0430\u043f\u0438\u0441\u0438<\/h2>\n\t\t<ul>\n\t\t\t\t\t\t\t\t\t\t\t<li>\n\t\t\t\t\t<a href=\"https:\/\/uzaybaskul.com\/ru\/agroexpo-17-uluslararasi-tarim-ve-hayvancilik-fuarindayiz\/\">\u041c\u044b \u043d\u0430 17 \u2013 \u043e\u0439 \u041c\u0435\u0436\u0434\u0443\u043d\u0430\u0440\u043e\u0434\u043d\u043e\u0439 \u0432\u044b\u0441\u0442\u0430\u0432\u043a\u0435 \u0441\u0435\u043b\u044c\u0441\u043a\u043e\u0433\u043e \u0445\u043e\u0437\u044f\u0439\u0441\u0442\u0432\u0430 \u0438 \u0436\u0438\u0432\u043e\u0442\u043d\u043e\u0432\u043e\u0434\u0441\u0442\u0432\u0430 \u00ab\u0410\u0433\u0440\u043e\u042d\u043a\u0441\u043f\u043e\u00bb<\/a>\n\t\t\t\t\t\t\t\t\t<\/li>\n\t\t\t\t\t\t\t\t\t\t\t<li>\n\t\t\t\t\t<a href=\"https:\/\/uzaybaskul.com\/ru\/youtube-kanalimizdan-bizi-takip-etmeyi-unutmayin\/\">\u041d\u0435 \u0437\u0430\u0431\u0443\u0434\u044c\u0442\u0435 \u043f\u043e\u0434\u043f\u0438\u0441\u0430\u0442\u044c\u0441\u044f \u043d\u0430 \u043d\u0430\u0441 \u043d\u0430 \u043d\u0430\u0448\u0435\u043c \u043a\u0430\u043d\u0430\u043b\u0435 Youtube!<\/a>\n\t\t\t\t\t\t\t\t\t<\/li>\n\t\t\t\t\t\t\t\t\t\t\t<li>\n\t\t\t\t\t<a href=\"https:\/\/uzaybaskul.com\/ru\/agroexpo-16-uluslararasi-tarim-ve-hayvancilik-fuarindayiz\/\">\u041c\u044b \u043d\u0430 16  &#8212; \u0439 \u041c\u0435\u0436\u0434\u0443\u043d\u0430\u0440\u043e\u0434\u043d\u043e\u0439 \u0432\u044b\u0441\u0442\u0430\u0432\u043a\u0435 \u0441\u0435\u043b\u044c\u0441\u043a\u043e\u0433\u043e \u0445\u043e\u0437\u0437\u044f\u0439\u0441\u0442\u0432\u0430 \u0438 \u0436\u0438\u0432\u043e\u0442\u043d\u043e\u0432\u043e\u0434\u0441\u0442\u0432\u0430 \u00ab\u0410\u0433\u0440\u043e\u042d\u043a\u0441\u043f\u043e\u00bb<\/a>\n\t\t\t\t\t\t\t\t\t<\/li>\n\t\t\t\t\t\t\t\t\t\t\t<li>\n\t\t\t\t\t<a href=\"https:\/\/uzaybaskul.com\/ru\/periyodik-muayene-ve-damgalama\/\">\u041f\u0435\u0440\u0438\u043e\u0434\u0438\u0447\u0435\u0441\u043a\u0430\u044f \u043f\u0440\u043e\u0432\u0435\u0440\u043a\u0430 \u0438 \u0448\u0442\u0430\u043c\u043f\u043e\u0432\u043a\u0430<\/a>\n\t\t\t\t\t\t\t\t\t<\/li>\n\t\t\t\t\t<\/ul>\n\n\t\t<\/div><div id=\"categories-2\" class=\"widget widget_categories\"><h2 class=\"widget-title\">\u0420\u0443\u0431\u0440\u0438\u043a\u0438<\/h2>\n\t\t\t<ul>\n\t\t\t\t\t<li class=\"cat-item cat-item-76\"><a href=\"https:\/\/uzaybaskul.com\/ru\/category\/biz\/\">\u041c\u044b<\/a>\n<\/li>\n\t\t\t<\/ul>\n\n\t\t\t<\/div>\t\t<\/div>\n\t\t\t\t<\/div>\n\t\t\t\t\t<\/div>\n\t\t<\/div>\n\t\t\t\t\t\t\t<\/div>\n\t\t<\/div>\n\t\t\t\t\t<\/div>\n\t\t<\/div>\n\t\t\t\t\t\t\t<\/div>\n\t\t<\/div>\n\t\t\t\t\t\t\t<\/div>\n\t\t","protected":false},"excerpt":{"rendered":"<p>admin Ocak 2022 Biz \u041c\u044b \u043d\u0430 17 \u2013 \u043e\u0439 \u041c\u0435\u0436\u0434\u0443\u043d\u0430\u0440\u043e\u0434\u043d\u043e\u0439 \u0432\u044b\u0441\u0442\u0430\u0432\u043a\u0435 \u0441\u0435\u043b\u044c\u0441\u043a\u043e\u0433\u043e \u0445\u043e\u0437\u044f\u0439\u0441\u0442\u0432\u0430 \u0438 \u0436\u0438\u0432\u043e\u0442\u043d\u043e\u0432\u043e\u0434\u0441\u0442\u0432\u0430 \u00ab\u0410\u0433\u0440\u043e\u042d\u043a\u0441\u043f\u043e\u00bb \u041c\u044b \u043d\u0430 17 \u2013 \u043e\u0439 \u041c\u0435\u0436\u0434\u0443\u043d\u0430\u0440\u043e\u0434\u043d\u043e\u0439 \u0432\u044b\u0441\u0442\u0430\u0432\u043a\u0435 \u0441\u0435\u043b\u044c\u0441\u043a\u043e\u0433\u043e \u0445\u043e\u0437\u044f\u0439\u0441\u0442\u0432\u0430 \u0438 \u0436\u0438\u0432\u043e\u0442\u043d\u043e\u0432\u043e\u0434\u0441\u0442\u0432\u0430 \u00ab\u0410\u0433\u0440\u043e\u042d\u043a\u0441\u043f\u043e\u00bb \u0414\u0430\u0442\u0430: 02 \u2013 06 \u0444\u0435\u0432\u0440\u0430\u043b\u044f 2022 \u0433. \u041c\u0435\u0441\u0442\u043e: \u042f\u0440\u043c\u0430\u0440\u043a\u0430 \u0418\u0437\u043c\u0438\u0440 \u041c\u044b \u043f\u0440\u0438\u0432\u0435\u0442\u0441\u0442\u0432\u0443\u0435\u043c \u043d\u0430\u0448\u0438\u0445 \u0434\u043e\u0440\u043e\u0433\u0438\u0445 \u0433\u043e\u0441\u0442\u0435\u0439 \u043d\u0430 \u043d\u0430\u0448\u0435\u043c \u0441\u0442\u0435\u043d\u0434\u0435. \u0412 2022 \u0433\u043e\u0434\u0443 \u043c\u0438\u0440\u043e\u0432\u043e\u0435 \u0441\u0435\u043b\u044c\u0441\u043a\u043e\u0435 \u0445\u043e\u0437\u044f\u0439\u0441\u0442\u0432\u043e \u0432\u043d\u043e\u0432\u044c \u0432\u0441\u0442\u0440\u0435\u0442\u0438\u0442\u044c\u0441\u044f \u043d\u0430 [&hellip;]<\/p>\n","protected":false},"author":1,"featured_media":0,"parent":0,"menu_order":0,"comment_status":"closed","ping_status":"closed","template":"","meta":{"_monsterinsights_skip_tracking":false,"_monsterinsights_sitenote_active":false,"_monsterinsights_sitenote_note":"","_monsterinsights_sitenote_category":0,"_joinchat":[],"footnotes":""},"aioseo_notices":[],"_links":{"self":[{"href":"https:\/\/uzaybaskul.com\/ru\/wp-json\/wp\/v2\/pages\/1197"}],"collection":[{"href":"https:\/\/uzaybaskul.com\/ru\/wp-json\/wp\/v2\/pages"}],"about":[{"href":"https:\/\/uzaybaskul.com\/ru\/wp-json\/wp\/v2\/types\/page"}],"author":[{"embeddable":true,"href":"https:\/\/uzaybaskul.com\/ru\/wp-json\/wp\/v2\/users\/1"}],"replies":[{"embeddable":true,"href":"https:\/\/uzaybaskul.com\/ru\/wp-json\/wp\/v2\/comments?post=1197"}],"version-history":[{"count":5,"href":"https:\/\/uzaybaskul.com\/ru\/wp-json\/wp\/v2\/pages\/1197\/revisions"}],"predecessor-version":[{"id":9914,"href":"https:\/\/uzaybaskul.com\/ru\/wp-json\/wp\/v2\/pages\/1197\/revisions\/9914"}],"wp:attachment":[{"href":"https:\/\/uzaybaskul.com\/ru\/wp-json\/wp\/v2\/media?parent=1197"}],"curies":[{"name":"wp","href":"https:\/\/api.w.org\/{rel}","templated":true}]}}