{"id":8478,"date":"2024-02-19T09:00:22","date_gmt":"2024-02-19T09:00:22","guid":{"rendered":"http:\/\/uzaybaskul.com\/?page_id=8478"},"modified":"2024-05-17T14:27:10","modified_gmt":"2024-05-17T14:27:10","slug":"small-livestock-scale","status":"publish","type":"page","link":"https:\/\/uzaybaskul.com\/en\/small-livestock-scale\/","title":{"rendered":"Small Livestock Scale"},"content":{"rendered":"\t\t<div data-elementor-type=\"wp-page\" data-elementor-id=\"8478\" class=\"elementor elementor-8478\">\n\t\t\t\t\t\t\t\t\t<section class=\"elementor-section elementor-top-section elementor-element elementor-element-7a97a96 elementor-section-boxed elementor-section-height-default elementor-section-height-default\" data-id=\"7a97a96\" data-element_type=\"section\">\n\t\t\t\t\t\t<div class=\"elementor-container elementor-column-gap-default\">\n\t\t\t\t\t<div class=\"elementor-column elementor-col-100 elementor-top-column elementor-element elementor-element-495570c\" data-id=\"495570c\" data-element_type=\"column\">\n\t\t\t<div class=\"elementor-widget-wrap elementor-element-populated\">\n\t\t\t\t\t\t\t\t<div class=\"elementor-element elementor-element-d3a937c elementor-widget elementor-widget-heading\" data-id=\"d3a937c\" data-element_type=\"widget\" data-widget_type=\"heading.default\">\n\t\t\t\t<div class=\"elementor-widget-container\">\n\t\t\t<h2 class=\"elementor-heading-title elementor-size-default\">\nSmall Livestock Scale<\/h2>\t\t<\/div>\n\t\t\t\t<\/div>\n\t\t\t\t\t<\/div>\n\t\t<\/div>\n\t\t\t\t\t\t\t<\/div>\n\t\t<\/section>\n\t\t\t\t<section class=\"elementor-section elementor-top-section elementor-element elementor-element-ae85c0a elementor-section-boxed elementor-section-height-default elementor-section-height-default\" data-id=\"ae85c0a\" data-element_type=\"section\">\n\t\t\t\t\t\t<div class=\"elementor-container elementor-column-gap-default\">\n\t\t\t\t\t<div class=\"elementor-column elementor-col-100 elementor-top-column elementor-element elementor-element-d6c3aca\" data-id=\"d6c3aca\" data-element_type=\"column\">\n\t\t\t<div class=\"elementor-widget-wrap elementor-element-populated\">\n\t\t\t\t\t\t\t\t<section class=\"elementor-section elementor-inner-section elementor-element elementor-element-ddd8074 elementor-section-boxed elementor-section-height-default elementor-section-height-default\" data-id=\"ddd8074\" data-element_type=\"section\">\n\t\t\t\t\t\t<div class=\"elementor-container elementor-column-gap-default\">\n\t\t\t\t\t<div class=\"elementor-column elementor-col-50 elementor-inner-column elementor-element elementor-element-dd8585a\" data-id=\"dd8585a\" data-element_type=\"column\">\n\t\t\t<div class=\"elementor-widget-wrap elementor-element-populated\">\n\t\t\t\t\t\t\t\t<div class=\"elementor-element elementor-element-8726310 elementor-widget elementor-widget-image\" data-id=\"8726310\" data-element_type=\"widget\" data-widget_type=\"image.default\">\n\t\t\t\t<div class=\"elementor-widget-container\">\n\t\t\t\t\t\t\t\t\t\t\t\t\t\t\t\t<a href=\"https:\/\/uzaybaskul.com\/wp-content\/uploads\/2024\/02\/kucukbas-hayvan-baskulu.jpg\" data-elementor-open-lightbox=\"yes\" data-elementor-lightbox-title=\"K\u00dc\u00c7\u00dcKBA\u015e HAYVAN BASK\u00dcL\u00dc\" e-action-hash=\"#elementor-action%3Aaction%3Dlightbox%26settings%3DeyJpZCI6OTE3MSwidXJsIjoiaHR0cHM6XC9cL3V6YXliYXNrdWwuY29tXC9lblwvd3AtY29udGVudFwvdXBsb2Fkc1wvMjAyNFwvMDJcL2t1Y3VrYmFzLWhheXZhbi1iYXNrdWx1LmpwZyJ9\">\n\t\t\t\t\t\t\t<img loading=\"lazy\" decoding=\"async\" width=\"525\" height=\"525\" src=\"https:\/\/uzaybaskul.com\/en\/wp-content\/uploads\/2024\/02\/kucukbas-hayvan-baskulu-1024x1024.jpg\" class=\"attachment-large size-large\" alt=\"K\u00dc\u00c7\u00dcKBA\u015e HAYVAN BASK\u00dcL\u00dc\" srcset=\"https:\/\/uzaybaskul.com\/en\/wp-content\/uploads\/2024\/02\/kucukbas-hayvan-baskulu-1024x1024.jpg 1024w, https:\/\/uzaybaskul.com\/en\/wp-content\/uploads\/2024\/02\/kucukbas-hayvan-baskulu-300x300.jpg 300w, https:\/\/uzaybaskul.com\/en\/wp-content\/uploads\/2024\/02\/kucukbas-hayvan-baskulu-150x150.jpg 150w, https:\/\/uzaybaskul.com\/en\/wp-content\/uploads\/2024\/02\/kucukbas-hayvan-baskulu-768x768.jpg 768w, https:\/\/uzaybaskul.com\/en\/wp-content\/uploads\/2024\/02\/kucukbas-hayvan-baskulu-1536x1536.jpg 1536w, https:\/\/uzaybaskul.com\/en\/wp-content\/uploads\/2024\/02\/kucukbas-hayvan-baskulu-120x120.jpg 120w, https:\/\/uzaybaskul.com\/en\/wp-content\/uploads\/2024\/02\/kucukbas-hayvan-baskulu-100x100.jpg 100w, https:\/\/uzaybaskul.com\/en\/wp-content\/uploads\/2024\/02\/kucukbas-hayvan-baskulu.jpg 2048w\" sizes=\"(max-width: 525px) 100vw, 525px\" \/>\t\t\t\t\t\t\t\t<\/a>\n\t\t\t\t\t\t\t\t\t\t\t\t\t\t\t<\/div>\n\t\t\t\t<\/div>\n\t\t\t\t\t<\/div>\n\t\t<\/div>\n\t\t\t\t<div class=\"elementor-column elementor-col-50 elementor-inner-column elementor-element elementor-element-df16f30\" data-id=\"df16f30\" data-element_type=\"column\">\n\t\t\t<div class=\"elementor-widget-wrap elementor-element-populated\">\n\t\t\t\t\t\t\t\t<div class=\"elementor-element elementor-element-ac8b23e elementor-widget elementor-widget-text-editor\" data-id=\"ac8b23e\" data-element_type=\"widget\" data-widget_type=\"text-editor.default\">\n\t\t\t\t<div class=\"elementor-widget-container\">\n\t\t\t\t\t\t\t<p><strong>Small livestock scales<\/strong> form the foundation of accurate weighing, leading to a healthy and profitable operation. By tracking the weight of your animals accurately, you can make the most informed decisions in critical areas such as feeding, medication, and marketing. Our portable small livestock scale provides great convenience during weighing, while its locked Texas gate ensures control over your animals.<\/p><p>All our livestock scales are designed to be compatible with herd management systems and Uzaysoft weighing software. Our company has conducted research and development to address the challenges encountered in animal husbandry, resulting in the release of our Maintenance-Unit Livestock Scale.<\/p><p>With this scale, all necessary maintenance tasks (such as hoof and horn care and disease management) can be performed after weighing, without causing harm to the animals.<\/p>\t\t\t\t\t\t<\/div>\n\t\t\t\t<\/div>\n\t\t\t\t\t<\/div>\n\t\t<\/div>\n\t\t\t\t\t\t\t<\/div>\n\t\t<\/section>\n\t\t\t\t\t<\/div>\n\t\t<\/div>\n\t\t\t\t\t\t\t<\/div>\n\t\t<\/section>\n\t\t\t\t<section class=\"elementor-section elementor-top-section elementor-element elementor-element-be87f35 elementor-section-boxed elementor-section-height-default elementor-section-height-default\" data-id=\"be87f35\" data-element_type=\"section\">\n\t\t\t\t\t\t<div class=\"elementor-container elementor-column-gap-default\">\n\t\t\t\t\t<div class=\"elementor-column elementor-col-100 elementor-top-column elementor-element elementor-element-f93933f\" data-id=\"f93933f\" data-element_type=\"column\">\n\t\t\t<div class=\"elementor-widget-wrap elementor-element-populated\">\n\t\t\t\t\t\t\t\t<div class=\"elementor-element elementor-element-1c8d8eb elementor-tabs-view-horizontal elementor-widget elementor-widget-tabs\" data-id=\"1c8d8eb\" data-element_type=\"widget\" data-widget_type=\"tabs.default\">\n\t\t\t\t<div class=\"elementor-widget-container\">\n\t\t\t\t\t<div class=\"elementor-tabs\">\n\t\t\t<div class=\"elementor-tabs-wrapper\" role=\"tablist\" >\n\t\t\t\t\t\t\t\t\t<div id=\"elementor-tab-title-2991\" class=\"elementor-tab-title elementor-tab-desktop-title\" aria-selected=\"true\" data-tab=\"1\" role=\"tab\" tabindex=\"0\" aria-controls=\"elementor-tab-content-2991\" aria-expanded=\"false\">Technical Specifications<\/div>\n\t\t\t\t\t\t\t\t\t<div id=\"elementor-tab-title-2992\" class=\"elementor-tab-title elementor-tab-desktop-title\" aria-selected=\"false\" data-tab=\"2\" role=\"tab\" tabindex=\"-1\" aria-controls=\"elementor-tab-content-2992\" aria-expanded=\"false\"> Usage Areas<\/div>\n\t\t\t\t\t\t\t\t\t<div id=\"elementor-tab-title-2993\" class=\"elementor-tab-title elementor-tab-desktop-title\" aria-selected=\"false\" data-tab=\"3\" role=\"tab\" tabindex=\"-1\" aria-controls=\"elementor-tab-content-2993\" aria-expanded=\"false\"> Advantages<\/div>\n\t\t\t\t\t\t\t\t\t<div id=\"elementor-tab-title-2994\" class=\"elementor-tab-title elementor-tab-desktop-title\" aria-selected=\"false\" data-tab=\"4\" role=\"tab\" tabindex=\"-1\" aria-controls=\"elementor-tab-content-2994\" aria-expanded=\"false\">Documents<\/div>\n\t\t\t\t\t\t\t\t\t<div id=\"elementor-tab-title-2995\" class=\"elementor-tab-title elementor-tab-desktop-title\" aria-selected=\"false\" data-tab=\"5\" role=\"tab\" tabindex=\"-1\" aria-controls=\"elementor-tab-content-2995\" aria-expanded=\"false\">Gallery<\/div>\n\t\t\t\t\t\t\t<\/div>\n\t\t\t<div class=\"elementor-tabs-content-wrapper\" role=\"tablist\" aria-orientation=\"vertical\">\n\t\t\t\t\t\t\t\t\t<div class=\"elementor-tab-title elementor-tab-mobile-title\" aria-selected=\"true\" data-tab=\"1\" role=\"tab\" tabindex=\"0\" aria-controls=\"elementor-tab-content-2991\" aria-expanded=\"false\">Technical Specifications<\/div>\n\t\t\t\t\t<div id=\"elementor-tab-content-2991\" class=\"elementor-tab-content elementor-clearfix\" data-tab=\"1\" role=\"tabpanel\" aria-labelledby=\"elementor-tab-title-2991\" tabindex=\"0\" hidden=\"false\"><p>Brand: Uzay Scale<br \/>Model: UZE-P 300<br \/>Type: Basic<br \/>Dimensions: 50x100x110 cm<br \/>Capacity: 500 kg<br \/>Accuracy: 200 g<br \/>Single-direction opening doors<br \/>Resistant to impacts with double load cell capacity<br \/>OIML and Ministry approved<br \/>Low chassis<br \/>Mobile system with wheels<br \/>Rampless usage<br \/>Computer connection<br \/>Battery life up to 36 hours of continuous use<br \/>25 MM illuminated display screen<\/p><\/div>\n\t\t\t\t\t\t\t\t\t<div class=\"elementor-tab-title elementor-tab-mobile-title\" aria-selected=\"false\" data-tab=\"2\" role=\"tab\" tabindex=\"-1\" aria-controls=\"elementor-tab-content-2992\" aria-expanded=\"false\"> Usage Areas<\/div>\n\t\t\t\t\t<div id=\"elementor-tab-content-2992\" class=\"elementor-tab-content elementor-clearfix\" data-tab=\"2\" role=\"tabpanel\" aria-labelledby=\"elementor-tab-title-2992\" tabindex=\"0\" hidden=\"hidden\"><p>Small ruminant farming<br \/>Livestock farms<br \/>Veterinary clinics<br \/>Livestock markets<br \/>Slaughterhouses<\/p><\/div>\n\t\t\t\t\t\t\t\t\t<div class=\"elementor-tab-title elementor-tab-mobile-title\" aria-selected=\"false\" data-tab=\"3\" role=\"tab\" tabindex=\"-1\" aria-controls=\"elementor-tab-content-2993\" aria-expanded=\"false\"> Advantages<\/div>\n\t\t\t\t\t<div id=\"elementor-tab-content-2993\" class=\"elementor-tab-content elementor-clearfix\" data-tab=\"3\" role=\"tabpanel\" aria-labelledby=\"elementor-tab-title-2993\" tabindex=\"0\" hidden=\"hidden\"><p>Increases animal health and productivity with accurate weighing.<br \/>Optimizes feed and medication expenses.<br \/>Provides advantages in marketing.<br \/>Saves time and labor.<br \/>Easy and safe to use.<\/p><\/div>\n\t\t\t\t\t\t\t\t\t<div class=\"elementor-tab-title elementor-tab-mobile-title\" aria-selected=\"false\" data-tab=\"4\" role=\"tab\" tabindex=\"-1\" aria-controls=\"elementor-tab-content-2994\" aria-expanded=\"false\">Documents<\/div>\n\t\t\t\t\t<div id=\"elementor-tab-content-2994\" class=\"elementor-tab-content elementor-clearfix\" data-tab=\"4\" role=\"tabpanel\" aria-labelledby=\"elementor-tab-title-2994\" tabindex=\"0\" hidden=\"hidden\"><section class=\"elementor-section elementor-top-section elementor-element elementor-element-20b5d7d elementor-section-boxed elementor-section-height-default elementor-section-height-default\" data-id=\"20b5d7d\" data-element_type=\"section\"><div class=\"elementor-container elementor-column-gap-default\"><div class=\"elementor-column elementor-col-33 elementor-top-column elementor-element elementor-element-780b042\" data-id=\"780b042\" data-element_type=\"column\"><div class=\"elementor-widget-wrap elementor-element-populated\"><div class=\"elementor-element elementor-element-130d17ba elementor-align-center elementor-widget elementor-widget-button\" data-id=\"130d17ba\" data-element_type=\"widget\" data-widget_type=\"button.default\"><div class=\"elementor-widget-container\"><div class=\"elementor-button-wrapper\"><a class=\"elementor-button-link elementor-button elementor-size-md\" role=\"button\" href=\"https:\/\/uzaybaskul.com\/en\/contact\/\"><br \/><span class=\"elementor-button-content-wrapper\"><br \/><span class=\"elementor-button-icon elementor-align-icon-left\"><br \/><i class=\"far fa-arrow-alt-circle-right\" aria-hidden=\"true\"><\/i> <\/span><br \/>Information Requested<br \/><\/span><br \/><\/a><\/div><\/div><\/div><\/div><\/div><div class=\"elementor-column elementor-col-33 elementor-top-column elementor-element elementor-element-cfe4dd2\" data-id=\"cfe4dd2\" data-element_type=\"column\"><div class=\"elementor-widget-wrap elementor-element-populated\"><div class=\"elementor-element elementor-element-534d91c elementor-align-center elementor-widget elementor-widget-button\" data-id=\"534d91c\" data-element_type=\"widget\" data-widget_type=\"button.default\"><div class=\"elementor-widget-container\"><div class=\"elementor-button-wrapper\"><a class=\"elementor-button-link elementor-button elementor-size-md\" role=\"button\" href=\"https:\/\/uzaybaskul.com\/wp-content\/uploads\/2021\/07\/hayvan-baskulu.pdf\" target=\"_blank\" rel=\"noopener\"><br \/><span class=\"elementor-button-content-wrapper\"><br \/><span class=\"elementor-button-icon elementor-align-icon-left\"><br \/><i class=\"ion ion-document-text\" aria-hidden=\"true\"><\/i> <\/span><br \/>Download Catalog<br \/><\/span><br \/><\/a><\/div><\/div><\/div><\/div><\/div><div class=\"elementor-column elementor-col-33 elementor-top-column elementor-element elementor-element-381c1d1\" data-id=\"381c1d1\" data-element_type=\"column\"><div class=\"elementor-widget-wrap elementor-element-populated\"><div class=\"elementor-element elementor-element-785e6b0 elementor-align-center elementor-widget elementor-widget-button\" data-id=\"785e6b0\" data-element_type=\"widget\" data-widget_type=\"button.default\"><div class=\"elementor-widget-container\"><div class=\"elementor-button-wrapper\"><a class=\"elementor-button-link elementor-button elementor-size-md\" role=\"button\" href=\"https:\/\/uzaybaskul.com\/wp-content\/uploads\/2022\/02\/cattle.pdf\" target=\"_blank\" rel=\"noopener\"><br \/><span class=\"elementor-button-content-wrapper\"><br \/><span class=\"elementor-button-icon elementor-align-icon-left\"><br \/><i class=\"far fa-file-pdf\" aria-hidden=\"true\"><\/i> <\/span><br \/>Download Guide<br \/><\/span><br \/><\/a><\/div><\/div><\/div><\/div><\/div><\/div><\/section><\/div>\n\t\t\t\t\t\t\t\t\t<div class=\"elementor-tab-title elementor-tab-mobile-title\" aria-selected=\"false\" data-tab=\"5\" role=\"tab\" tabindex=\"-1\" aria-controls=\"elementor-tab-content-2995\" aria-expanded=\"false\">Gallery<\/div>\n\t\t\t\t\t<div id=\"elementor-tab-content-2995\" class=\"elementor-tab-content elementor-clearfix\" data-tab=\"5\" role=\"tabpanel\" aria-labelledby=\"elementor-tab-title-2995\" tabindex=\"0\" hidden=\"hidden\"><p><img loading=\"lazy\" decoding=\"async\" class=\"alignnone size-medium wp-image-8358\" src=\"http:\/\/uzaybaskul.com\/wp-content\/uploads\/2021\/06\/kucukbas-hayvan-baskulu-300x300.png\" alt=\"\" width=\"300\" height=\"300\" srcset=\"https:\/\/uzaybaskul.com\/en\/wp-content\/uploads\/2021\/06\/kucukbas-hayvan-baskulu-300x300.png 300w, https:\/\/uzaybaskul.com\/en\/wp-content\/uploads\/2021\/06\/kucukbas-hayvan-baskulu-150x150.png 150w, https:\/\/uzaybaskul.com\/en\/wp-content\/uploads\/2021\/06\/kucukbas-hayvan-baskulu-768x768.png 768w, https:\/\/uzaybaskul.com\/en\/wp-content\/uploads\/2021\/06\/kucukbas-hayvan-baskulu-120x120.png 120w, https:\/\/uzaybaskul.com\/en\/wp-content\/uploads\/2021\/06\/kucukbas-hayvan-baskulu-100x100.png 100w, https:\/\/uzaybaskul.com\/en\/wp-content\/uploads\/2021\/06\/kucukbas-hayvan-baskulu.png 1000w\" sizes=\"(max-width: 300px) 100vw, 300px\" \/> <img loading=\"lazy\" decoding=\"async\" class=\"alignnone size-medium wp-image-8399\" src=\"http:\/\/uzaybaskul.com\/wp-content\/uploads\/2021\/06\/kucukbas_4-200x300.png\" alt=\"\" width=\"200\" height=\"300\" srcset=\"https:\/\/uzaybaskul.com\/en\/wp-content\/uploads\/2021\/06\/kucukbas_4-200x300.png 200w, https:\/\/uzaybaskul.com\/en\/wp-content\/uploads\/2021\/06\/kucukbas_4-683x1024.png 683w, https:\/\/uzaybaskul.com\/en\/wp-content\/uploads\/2021\/06\/kucukbas_4-768x1152.png 768w, https:\/\/uzaybaskul.com\/en\/wp-content\/uploads\/2021\/06\/kucukbas_4-1024x1536.png 1024w, https:\/\/uzaybaskul.com\/en\/wp-content\/uploads\/2021\/06\/kucukbas_4-1365x2048.png 1365w\" sizes=\"(max-width: 200px) 100vw, 200px\" \/><\/p><\/div>\n\t\t\t\t\t\t\t<\/div>\n\t\t<\/div>\n\t\t\t\t<\/div>\n\t\t\t\t<\/div>\n\t\t\t\t\t<\/div>\n\t\t<\/div>\n\t\t\t\t\t\t\t<\/div>\n\t\t<\/section>\n\t\t\t\t<section class=\"elementor-section elementor-top-section elementor-element elementor-element-631785c elementor-section-boxed elementor-section-height-default elementor-section-height-default\" data-id=\"631785c\" data-element_type=\"section\">\n\t\t\t\t\t\t<div class=\"elementor-container elementor-column-gap-default\">\n\t\t\t\t\t<div class=\"elementor-column elementor-col-100 elementor-top-column elementor-element elementor-element-bdad9a8\" data-id=\"bdad9a8\" data-element_type=\"column\">\n\t\t\t<div class=\"elementor-widget-wrap elementor-element-populated\">\n\t\t\t\t\t\t\t\t<div class=\"elementor-element elementor-element-897964a elementor-widget elementor-widget-heading\" data-id=\"897964a\" data-element_type=\"widget\" data-widget_type=\"heading.default\">\n\t\t\t\t<div class=\"elementor-widget-container\">\n\t\t\t<h2 class=\"elementor-heading-title elementor-size-default\">Similar Products<\/h2>\t\t<\/div>\n\t\t\t\t<\/div>\n\t\t\t\t\t<\/div>\n\t\t<\/div>\n\t\t\t\t\t\t\t<\/div>\n\t\t<\/section>\n\t\t\t\t<section class=\"elementor-section elementor-top-section elementor-element elementor-element-0701ef8 elementor-section-boxed elementor-section-height-default elementor-section-height-default\" data-id=\"0701ef8\" data-element_type=\"section\">\n\t\t\t\t\t\t<div class=\"elementor-container elementor-column-gap-default\">\n\t\t\t\t\t<div class=\"elementor-column elementor-col-20 elementor-top-column elementor-element elementor-element-a74a77d\" data-id=\"a74a77d\" data-element_type=\"column\">\n\t\t\t<div class=\"elementor-widget-wrap elementor-element-populated\">\n\t\t\t\t\t\t\t\t<div class=\"elementor-element elementor-element-d563c6e elementor-position-top elementor-vertical-align-top elementor-widget elementor-widget-image-box\" data-id=\"d563c6e\" data-element_type=\"widget\" data-widget_type=\"image-box.default\">\n\t\t\t\t<div class=\"elementor-widget-container\">\n\t\t\t<div class=\"elementor-image-box-wrapper\"><figure class=\"elementor-image-box-img\"><a href=\"https:\/\/uzaybaskul.com\/en\/lamb-sheep-livestock-scale\/\"><img loading=\"lazy\" decoding=\"async\" width=\"1000\" height=\"1000\" src=\"https:\/\/uzaybaskul.com\/en\/wp-content\/uploads\/2021\/06\/kuzu-koyun.png\" class=\"attachment-full size-full\" alt=\"\" \/><\/a><\/figure><div class=\"elementor-image-box-content\"><h4 class=\"elementor-image-box-title\"><a href=\"https:\/\/uzaybaskul.com\/en\/lamb-sheep-livestock-scale\/\">Lamb-Sheep Livestock Scale<\/a><\/h4><\/div><\/div>\t\t<\/div>\n\t\t\t\t<\/div>\n\t\t\t\t\t<\/div>\n\t\t<\/div>\n\t\t\t\t<div class=\"elementor-column elementor-col-20 elementor-top-column elementor-element elementor-element-b5277d8\" data-id=\"b5277d8\" data-element_type=\"column\">\n\t\t\t<div class=\"elementor-widget-wrap elementor-element-populated\">\n\t\t\t\t\t\t\t\t<div class=\"elementor-element elementor-element-f0c4452 elementor-position-top elementor-vertical-align-top elementor-widget elementor-widget-image-box\" data-id=\"f0c4452\" data-element_type=\"widget\" data-widget_type=\"image-box.default\">\n\t\t\t\t<div class=\"elementor-widget-container\">\n\t\t\t<div class=\"elementor-image-box-wrapper\"><figure class=\"elementor-image-box-img\"><a href=\"https:\/\/uzaybaskul.com\/en\/hydraulic-compression-animal-scale\/\"><img loading=\"lazy\" decoding=\"async\" width=\"1000\" height=\"1000\" src=\"https:\/\/uzaybaskul.com\/en\/wp-content\/uploads\/2021\/06\/cattle-crush.png\" class=\"attachment-full size-full\" alt=\"\" \/><\/a><\/figure><div class=\"elementor-image-box-content\"><h4 class=\"elementor-image-box-title\"><a href=\"https:\/\/uzaybaskul.com\/en\/hydraulic-compression-animal-scale\/\">Hydraulic Compression Livestock Scale<\/a><\/h4><\/div><\/div>\t\t<\/div>\n\t\t\t\t<\/div>\n\t\t\t\t\t<\/div>\n\t\t<\/div>\n\t\t\t\t<div class=\"elementor-column elementor-col-20 elementor-top-column elementor-element elementor-element-9f7bb1b\" data-id=\"9f7bb1b\" data-element_type=\"column\">\n\t\t\t<div class=\"elementor-widget-wrap elementor-element-populated\">\n\t\t\t\t\t\t\t\t<div class=\"elementor-element elementor-element-8df18bc elementor-position-top elementor-vertical-align-top elementor-widget elementor-widget-image-box\" data-id=\"8df18bc\" data-element_type=\"widget\" data-widget_type=\"image-box.default\">\n\t\t\t\t<div class=\"elementor-widget-container\">\n\t\t\t<div class=\"elementor-image-box-wrapper\"><figure class=\"elementor-image-box-img\"><a href=\"https:\/\/uzaybaskul.com\/en\/manual-compression-livestock-scale\/\"><img loading=\"lazy\" decoding=\"async\" width=\"1000\" height=\"1000\" src=\"https:\/\/uzaybaskul.com\/en\/wp-content\/uploads\/2021\/06\/manuel-cattle-crush.png\" class=\"attachment-full size-full\" alt=\"\" \/><\/a><\/figure><div class=\"elementor-image-box-content\"><h4 class=\"elementor-image-box-title\"><a href=\"https:\/\/uzaybaskul.com\/en\/manual-compression-livestock-scale\/\">Manual Compression Livestock Scale<\/a><\/h4><\/div><\/div>\t\t<\/div>\n\t\t\t\t<\/div>\n\t\t\t\t\t<\/div>\n\t\t<\/div>\n\t\t\t\t<div class=\"elementor-column elementor-col-20 elementor-top-column elementor-element elementor-element-63a324e\" data-id=\"63a324e\" data-element_type=\"column\">\n\t\t\t<div class=\"elementor-widget-wrap elementor-element-populated\">\n\t\t\t\t\t\t\t\t<div class=\"elementor-element elementor-element-ec19e60 elementor-position-top elementor-vertical-align-top elementor-widget elementor-widget-image-box\" data-id=\"ec19e60\" data-element_type=\"widget\" data-widget_type=\"image-box.default\">\n\t\t\t\t<div class=\"elementor-widget-container\">\n\t\t\t<div class=\"elementor-image-box-wrapper\"><figure class=\"elementor-image-box-img\"><a href=\"https:\/\/uzaybaskul.com\/en\/small-livestock-scale\/\"><img loading=\"lazy\" decoding=\"async\" width=\"1000\" height=\"1000\" src=\"https:\/\/uzaybaskul.com\/en\/wp-content\/uploads\/2021\/06\/kucukbas-hayvan-baskulu.png\" class=\"attachment-full size-full\" alt=\"\" \/><\/a><\/figure><div class=\"elementor-image-box-content\"><h4 class=\"elementor-image-box-title\"><a href=\"https:\/\/uzaybaskul.com\/en\/small-livestock-scale\/\">Small Livestock Scale<\/a><\/h4><\/div><\/div>\t\t<\/div>\n\t\t\t\t<\/div>\n\t\t\t\t\t<\/div>\n\t\t<\/div>\n\t\t\t\t<div class=\"elementor-column elementor-col-20 elementor-top-column elementor-element elementor-element-8c85d00\" data-id=\"8c85d00\" data-element_type=\"column\">\n\t\t\t<div class=\"elementor-widget-wrap elementor-element-populated\">\n\t\t\t\t\t\t\t\t<div class=\"elementor-element elementor-element-24dd0c8 elementor-position-top elementor-vertical-align-top elementor-widget elementor-widget-image-box\" data-id=\"24dd0c8\" data-element_type=\"widget\" data-widget_type=\"image-box.default\">\n\t\t\t\t<div class=\"elementor-widget-container\">\n\t\t\t<div class=\"elementor-image-box-wrapper\"><figure class=\"elementor-image-box-img\"><a href=\"https:\/\/uzaybaskul.com\/en\/batch-weighing-lamb-scale\/\"><img loading=\"lazy\" decoding=\"async\" width=\"1000\" height=\"1000\" src=\"https:\/\/uzaybaskul.com\/en\/wp-content\/uploads\/2021\/06\/toplu-tartim.png\" class=\"attachment-full size-full\" alt=\"\" \/><\/a><\/figure><div class=\"elementor-image-box-content\"><h4 class=\"elementor-image-box-title\"><a href=\"https:\/\/uzaybaskul.com\/en\/batch-weighing-lamb-scale\/\">Batch Weighing Lamb Scale<\/a><\/h4><\/div><\/div>\t\t<\/div>\n\t\t\t\t<\/div>\n\t\t\t\t\t<\/div>\n\t\t<\/div>\n\t\t\t\t\t\t\t<\/div>\n\t\t<\/section>\n\t\t\t\t\t\t\t<\/div>\n\t\t","protected":false},"excerpt":{"rendered":"<p>Small Livestock Scale Small livestock scales form the foundation of accurate weighing, leading to a healthy and profitable operation. By tracking the weight of your animals accurately, you can make the most informed decisions in critical areas such as feeding, medication, and marketing. Our portable small livestock scale provides great convenience during weighing, while its [&hellip;]<\/p>\n","protected":false},"author":1,"featured_media":0,"parent":0,"menu_order":0,"comment_status":"closed","ping_status":"closed","template":"","meta":{"_monsterinsights_skip_tracking":false,"_monsterinsights_sitenote_active":false,"_monsterinsights_sitenote_note":"","_monsterinsights_sitenote_category":0,"_joinchat":[],"footnotes":""},"aioseo_notices":[],"_links":{"self":[{"href":"https:\/\/uzaybaskul.com\/en\/wp-json\/wp\/v2\/pages\/8478"}],"collection":[{"href":"https:\/\/uzaybaskul.com\/en\/wp-json\/wp\/v2\/pages"}],"about":[{"href":"https:\/\/uzaybaskul.com\/en\/wp-json\/wp\/v2\/types\/page"}],"author":[{"embeddable":true,"href":"https:\/\/uzaybaskul.com\/en\/wp-json\/wp\/v2\/users\/1"}],"replies":[{"embeddable":true,"href":"https:\/\/uzaybaskul.com\/en\/wp-json\/wp\/v2\/comments?post=8478"}],"version-history":[{"count":39,"href":"https:\/\/uzaybaskul.com\/en\/wp-json\/wp\/v2\/pages\/8478\/revisions"}],"predecessor-version":[{"id":10991,"href":"https:\/\/uzaybaskul.com\/en\/wp-json\/wp\/v2\/pages\/8478\/revisions\/10991"}],"wp:attachment":[{"href":"https:\/\/uzaybaskul.com\/en\/wp-json\/wp\/v2\/media?parent=8478"}],"curies":[{"name":"wp","href":"https:\/\/api.w.org\/{rel}","templated":true}]}}